{"id":41401,"date":"2025-04-23T08:37:15","date_gmt":"2025-04-23T06:37:15","guid":{"rendered":"https:\/\/doktorkasandra.sk\/?post_type=product&#038;p=41401"},"modified":"2026-04-30T19:21:45","modified_gmt":"2026-04-30T17:21:45","slug":"revitanad-anti-age-krem","status":"publish","type":"product","link":"https:\/\/doktorkasandra.sk\/es\/eshop\/crema\/revitanad-anti-age-krem\/","title":{"rendered":"<em>Novinka<\/em> Revita NAD Anti-Age kr\u00e9m <b>omladzuj\u00faci kr\u00e9m s NAD+ boosterom a astaxant\u00ednom<\/b><i>40 ml<\/i>"},"content":{"rendered":"<strong>Hlavn\u00e9 \u00fa\u010dinky:<\/strong>\r\n<ul>\r\n\r\n\t<li>Podpora tvorby NAD+ \u2013 obnova a energiz\u00e1cia poko\u017eky na bunkovej \u00farovni<\/li>\r\n\r\n\r\n\t<li>Spomalenie prejavov starnutia pleti (anti-age efekt)<\/li>\r\n\r\n\r\n\t<li>Intenz\u00edvna hydrat\u00e1cia a v\u00fd\u017eiva poko\u017eky<\/li>\r\n\r\n\r\n\t<li>Zn\u00ed\u017eenie jemn\u00fdch vr\u00e1sok a zlep\u0161enie elasticity<\/li>\r\n\r\n\r\n\t<li>Antioxida\u010dn\u00e1 ochrana (v\u010faka astaxant\u00ednu a vitam\u00ednu E)<\/li>\r\n\r\n\r\n\t<li>Zjednotenie t\u00f3nu pleti a zlep\u0161enie jej \u0161trukt\u00fary<\/li>\r\n\r\n<\/ul>\r\n\r\n","protected":false},"excerpt":{"rendered":"<b>RevitaNAD Anti-age kr\u00e9m od Dr. Sandry je intenz\u00edvny anti-age ple\u0165ov\u00fd kr\u00e9m, ktor\u00fd podporuje obnovu buniek na molekul\u00e1rnej \u00farovni v\u010faka obsahu extraktu z kl\u00ed\u010dkov slne\u010dnice \u2013 pr\u00edrodn\u00e9ho stimul\u00e1tora tvorby koenz\u00fdmu NAD+ (nicotinamide adenine dinucleotide).<\/b>\r\n<br><br>\r\nKoenz\u00fdm NAD+ je prirodzene sa vyskytuj\u00faca l\u00e1tka v \u013eudskom tele, ktor\u00e1 zohr\u00e1va k\u013e\u00fa\u010dov\u00fa \u00falohu pri regener\u00e1cii buniek a ochrane pred starnut\u00edm. Jeho hladina v\u0161ak s vekom kles\u00e1. Dop\u013a\u0148anie NAD+ pomocou akt\u00edvnych l\u00e1tok v kr\u00e9me RevitaNAD m\u00f4\u017ee napom\u00f4c\u0165 k spomaleniu prejavov starnutia, zlep\u0161eniu \u0161trukt\u00fary poko\u017eky a zv\u00fd\u0161eniu jej odolnosti.\r\n<br><br>\r\nKr\u00e9m je doplnen\u00fd o astaxant\u00edn \u2013 jeden z najsilnej\u0161\u00edch pr\u00edrodn\u00fdch antioxidantov, ktor\u00fd neutralizuje vo\u013en\u00e9 radik\u00e1ly, chr\u00e1ni ple\u0165 pred oxida\u010dn\u00fdm stresom a prispieva k celkov\u00e9mu omladeniu pleti.","protected":false},"featured_media":41402,"comment_status":"open","ping_status":"closed","template":"","meta":{"_acf_changed":false,"inline_featured_image":false},"product_brand":[],"product_cat":[16],"product_tag":[],"class_list":{"0":"post-41401","1":"product","2":"type-product","3":"status-publish","4":"has-post-thumbnail","6":"product_cat-kremy","8":"first","9":"instock","10":"taxable","11":"shipping-taxable","12":"purchasable","13":"product-type-simple"},"acf":[],"_links":{"self":[{"href":"https:\/\/doktorkasandra.sk\/es\/wp-json\/wp\/v2\/product\/41401","targetHints":{"allow":["GET"]}}],"collection":[{"href":"https:\/\/doktorkasandra.sk\/es\/wp-json\/wp\/v2\/product"}],"about":[{"href":"https:\/\/doktorkasandra.sk\/es\/wp-json\/wp\/v2\/types\/product"}],"replies":[{"embeddable":true,"href":"https:\/\/doktorkasandra.sk\/es\/wp-json\/wp\/v2\/comments?post=41401"}],"wp:featuredmedia":[{"embeddable":true,"href":"https:\/\/doktorkasandra.sk\/es\/wp-json\/wp\/v2\/media\/41402"}],"wp:attachment":[{"href":"https:\/\/doktorkasandra.sk\/es\/wp-json\/wp\/v2\/media?parent=41401"}],"wp:term":[{"taxonomy":"product_brand","embeddable":true,"href":"https:\/\/doktorkasandra.sk\/es\/wp-json\/wp\/v2\/product_brand?post=41401"},{"taxonomy":"product_cat","embeddable":true,"href":"https:\/\/doktorkasandra.sk\/es\/wp-json\/wp\/v2\/product_cat?post=41401"},{"taxonomy":"product_tag","embeddable":true,"href":"https:\/\/doktorkasandra.sk\/es\/wp-json\/wp\/v2\/product_tag?post=41401"}],"curies":[{"name":"wp","href":"https:\/\/api.w.org\/{rel}","templated":true}]}}