{"id":30955,"date":"2023-11-02T09:11:22","date_gmt":"2023-11-02T08:11:22","guid":{"rendered":"https:\/\/doktorkasandra.sk\/obchod\/sin categor\u00eda\/novedad-champu-anticaspa-con-extracto-natural-de-abedul-pantenol-mentol-y-octopirox-200-ml\/"},"modified":"2026-04-21T08:12:46","modified_gmt":"2026-04-21T06:12:46","slug":"novedad-champu-anticaspa-con-extracto-natural-de-abedul-pantenol-mentol-y-octopirox-200-ml","status":"publish","type":"product","link":"https:\/\/doktorkasandra.sk\/es\/eshop\/champu\/novedad-champu-anticaspa-con-extracto-natural-de-abedul-pantenol-mentol-y-octopirox-200-ml\/","title":{"rendered":"<em>Novedad<\/em> Champ\u00fa anticaspa con extracto natural de abedul, pantenol, mentol y octopirox <i>200 ml<\/i>"},"content":{"rendered":"","protected":false},"excerpt":{"rendered":"El champ\u00fa dermatol\u00f3gico con octopirox y extracto de abedul est\u00e1 especialmente formulado para el cuidado de tu cabello y cuero cabelludo. El octopirox, ingrediente activo de este champ\u00fa, ayuda a controlar la producci\u00f3n excesiva de grasa y elimina la irritaci\u00f3n y las escamas no deseadas en el cuero cabelludo. El extracto de corteza de abedul aporta propiedades antibacterianas y antiinflamatorias naturales a este champ\u00fa, que promueven la salud de la piel.\r\n\r\nEste champ\u00fa es adecuado para un uso diario y est\u00e1 dise\u00f1ado para limpiar el cabello y el cuero cabelludo, a la vez que proporciona protecci\u00f3n contra problemas no deseados en el cuero cabelludo. Con un uso regular, puedes lograr un cabello sano y brillante, as\u00ed como un cuero cabelludo calmado.\r\n\r\nBrinda el mejor cuidado a tu cabello y cuero cabelludo con este champ\u00fa dermatol\u00f3gico que contiene octopirox y extracto de corteza de abedul.","protected":false},"featured_media":44991,"comment_status":"open","ping_status":"closed","template":"","meta":{"_acf_changed":false,"inline_featured_image":false},"product_brand":[],"product_cat":[67],"product_tag":[],"class_list":{"0":"post-30955","1":"product","2":"type-product","3":"status-publish","4":"has-post-thumbnail","6":"product_cat-champu","8":"first","9":"instock","10":"taxable","11":"shipping-taxable","12":"purchasable","13":"product-type-simple"},"acf":[],"_links":{"self":[{"href":"https:\/\/doktorkasandra.sk\/es\/wp-json\/wp\/v2\/product\/30955","targetHints":{"allow":["GET"]}}],"collection":[{"href":"https:\/\/doktorkasandra.sk\/es\/wp-json\/wp\/v2\/product"}],"about":[{"href":"https:\/\/doktorkasandra.sk\/es\/wp-json\/wp\/v2\/types\/product"}],"replies":[{"embeddable":true,"href":"https:\/\/doktorkasandra.sk\/es\/wp-json\/wp\/v2\/comments?post=30955"}],"wp:featuredmedia":[{"embeddable":true,"href":"https:\/\/doktorkasandra.sk\/es\/wp-json\/wp\/v2\/media\/44991"}],"wp:attachment":[{"href":"https:\/\/doktorkasandra.sk\/es\/wp-json\/wp\/v2\/media?parent=30955"}],"wp:term":[{"taxonomy":"product_brand","embeddable":true,"href":"https:\/\/doktorkasandra.sk\/es\/wp-json\/wp\/v2\/product_brand?post=30955"},{"taxonomy":"product_cat","embeddable":true,"href":"https:\/\/doktorkasandra.sk\/es\/wp-json\/wp\/v2\/product_cat?post=30955"},{"taxonomy":"product_tag","embeddable":true,"href":"https:\/\/doktorkasandra.sk\/es\/wp-json\/wp\/v2\/product_tag?post=30955"}],"curies":[{"name":"wp","href":"https:\/\/api.w.org\/{rel}","templated":true}]}}