{"id":29352,"date":"2020-05-06T09:36:56","date_gmt":"2020-05-06T07:36:56","guid":{"rendered":"https:\/\/doktorkasandra.sk\/obchod\/sin categor\u00eda\/collageno-premium-golden-100-natural\/"},"modified":"2026-01-15T03:00:12","modified_gmt":"2026-01-15T02:00:12","slug":"collageno-premium-golden-100-natural","status":"publish","type":"product","link":"https:\/\/doktorkasandra.sk\/es\/eshop\/suplementos-nutricionales\/collageno-premium-golden-100-natural\/","title":{"rendered":"Coll\u00e1geno Premium Golden <b>100% natural<\/b>"},"content":{"rendered":"El consumo regular fortalece las u\u00f1as quebradizas y quebradizas, reduce la ca\u00edda del cabello y promueve su renovaci\u00f3n, adem\u00e1s de ayudar a prevenir la aparici\u00f3n de arrugas. Por supuesto, tambi\u00e9n contribuye a la regeneraci\u00f3n y nutrici\u00f3n del cart\u00edlago. Cada dosis contiene hasta 3000 mg de col\u00e1geno Golden, 40 mg de \u00e1cido hialur\u00f3nico y vitamina C. Todo ello en una calidad BIO de primera clase, endulzado solo con stevia, por lo que no aumentar\u00e1 de peso.","protected":false},"excerpt":{"rendered":"Col\u00e1geno marino de alta calidad con hasta 5000 mg del col\u00e1geno tipo I, II y III m\u00e1s premium en una sola dosis. Con su composici\u00f3n de hasta 18 amino\u00e1cidos, es excelente como suplemento para su cabello, piel, cutis y articulaciones.\r\n<br><br>\r\nAdem\u00e1s de su incre\u00edble sabor a fresa refrescante, cada paquete tambi\u00e9n contiene vitamina C1000 para 30 dosis.","protected":false},"featured_media":29354,"comment_status":"open","ping_status":"closed","template":"","meta":{"_acf_changed":false,"inline_featured_image":false},"product_brand":[],"product_cat":[66],"product_tag":[],"class_list":{"0":"post-29352","1":"product","2":"type-product","3":"status-publish","4":"has-post-thumbnail","6":"product_cat-suplementos-nutricionales","8":"first","9":"instock","10":"taxable","11":"shipping-taxable","12":"purchasable","13":"product-type-simple"},"acf":[],"_links":{"self":[{"href":"https:\/\/doktorkasandra.sk\/es\/wp-json\/wp\/v2\/product\/29352","targetHints":{"allow":["GET"]}}],"collection":[{"href":"https:\/\/doktorkasandra.sk\/es\/wp-json\/wp\/v2\/product"}],"about":[{"href":"https:\/\/doktorkasandra.sk\/es\/wp-json\/wp\/v2\/types\/product"}],"replies":[{"embeddable":true,"href":"https:\/\/doktorkasandra.sk\/es\/wp-json\/wp\/v2\/comments?post=29352"}],"wp:featuredmedia":[{"embeddable":true,"href":"https:\/\/doktorkasandra.sk\/es\/wp-json\/wp\/v2\/media\/29354"}],"wp:attachment":[{"href":"https:\/\/doktorkasandra.sk\/es\/wp-json\/wp\/v2\/media?parent=29352"}],"wp:term":[{"taxonomy":"product_brand","embeddable":true,"href":"https:\/\/doktorkasandra.sk\/es\/wp-json\/wp\/v2\/product_brand?post=29352"},{"taxonomy":"product_cat","embeddable":true,"href":"https:\/\/doktorkasandra.sk\/es\/wp-json\/wp\/v2\/product_cat?post=29352"},{"taxonomy":"product_tag","embeddable":true,"href":"https:\/\/doktorkasandra.sk\/es\/wp-json\/wp\/v2\/product_tag?post=29352"}],"curies":[{"name":"wp","href":"https:\/\/api.w.org\/{rel}","templated":true}]}}