{"id":29342,"date":"2020-01-14T11:34:52","date_gmt":"2020-01-14T10:34:52","guid":{"rendered":"https:\/\/doktorkasandra.sk\/obchod\/sin categor\u00eda\/muestras-conjunto-de-muestras-de-productos-de-dr-sandra-con-la-compra-de-al-menos-un-producto\/"},"modified":"2026-03-29T11:38:10","modified_gmt":"2026-03-29T09:38:10","slug":"muestras-conjunto-de-muestras-de-productos-de-dr-sandra-con-la-compra-de-al-menos-un-producto","status":"publish","type":"product","link":"https:\/\/doktorkasandra.sk\/es\/eshop\/crema\/muestras-conjunto-de-muestras-de-productos-de-dr-sandra-con-la-compra-de-al-menos-un-producto\/","title":{"rendered":"Muestras <b>conjunto de muestras de productos de Dr. Sandra con la compra de al menos un producto<\/b>"},"content":{"rendered":"","protected":false},"excerpt":{"rendered":"Si todav\u00eda no est\u00e1s seguro de qu\u00e9 crema es la adecuada para tu piel, tienes la opci\u00f3n de pedir un juego completo de muestras de productos de la Dra. Sandra POR EL COSTO DEL ENV\u00cdO \u00daNICAMENTE.","protected":false},"featured_media":29343,"comment_status":"open","ping_status":"closed","template":"","meta":{"_acf_changed":false,"inline_featured_image":false},"product_brand":[],"product_cat":[61,68],"product_tag":[],"class_list":{"0":"post-29342","1":"product","2":"type-product","3":"status-publish","4":"has-post-thumbnail","6":"product_cat-crema","7":"product_cat-otro","9":"first","10":"instock","11":"sold-individually","12":"taxable","13":"shipping-taxable","14":"purchasable","15":"product-type-simple"},"acf":[],"_links":{"self":[{"href":"https:\/\/doktorkasandra.sk\/es\/wp-json\/wp\/v2\/product\/29342","targetHints":{"allow":["GET"]}}],"collection":[{"href":"https:\/\/doktorkasandra.sk\/es\/wp-json\/wp\/v2\/product"}],"about":[{"href":"https:\/\/doktorkasandra.sk\/es\/wp-json\/wp\/v2\/types\/product"}],"replies":[{"embeddable":true,"href":"https:\/\/doktorkasandra.sk\/es\/wp-json\/wp\/v2\/comments?post=29342"}],"wp:featuredmedia":[{"embeddable":true,"href":"https:\/\/doktorkasandra.sk\/es\/wp-json\/wp\/v2\/media\/29343"}],"wp:attachment":[{"href":"https:\/\/doktorkasandra.sk\/es\/wp-json\/wp\/v2\/media?parent=29342"}],"wp:term":[{"taxonomy":"product_brand","embeddable":true,"href":"https:\/\/doktorkasandra.sk\/es\/wp-json\/wp\/v2\/product_brand?post=29342"},{"taxonomy":"product_cat","embeddable":true,"href":"https:\/\/doktorkasandra.sk\/es\/wp-json\/wp\/v2\/product_cat?post=29342"},{"taxonomy":"product_tag","embeddable":true,"href":"https:\/\/doktorkasandra.sk\/es\/wp-json\/wp\/v2\/product_tag?post=29342"}],"curies":[{"name":"wp","href":"https:\/\/api.w.org\/{rel}","templated":true}]}}