{"id":29316,"date":"2019-03-22T08:01:11","date_gmt":"2019-03-22T07:01:11","guid":{"rendered":"https:\/\/doktorkasandra.sk\/obchod\/sin categor\u00eda\/estuche-de-cosmeticos-para-piel-mixta-de-la-dra-sandra\/"},"modified":"2026-04-26T17:56:23","modified_gmt":"2026-04-26T15:56:23","slug":"estuche-de-cosmeticos-para-piel-mixta-de-la-dra-sandra","status":"publish","type":"product","link":"https:\/\/doktorkasandra.sk\/es\/eshop\/cajas-de-cosmeticos\/estuche-de-cosmeticos-para-piel-mixta-de-la-dra-sandra\/","title":{"rendered":"Estuche de cosm\u00e9ticos para piel mixta <b>de la Dra. Sandra<\/b>"},"content":{"rendered":"","protected":false},"excerpt":{"rendered":"Si tienes la piel mixta y no est\u00e1s seguro de qu\u00e9 combinaci\u00f3n de productos de la Dra. Sandra es la adecuada para ti, hemos creado un estuche que incluye:<br><br>\r\n\r\nS\u00e9rum facial con vitaminas A, C, E de 30 ml.<br>\r\nCrema hidratante de 40 g.<br>\r\nCrema semigrasa de 40 g.<br>\r\nT\u00f3nico facial con mayor contenido de alcohol de 100 ml.<br>\r\nCrema para ojos con cafe\u00edna de 15 g.<br>\r\nCrema ultra facial de 24 horas de 40 g.<br>\r\nMascarilla facial para piel grasa y mixta de 40 ml.<br>","protected":false},"featured_media":45289,"comment_status":"open","ping_status":"closed","template":"","meta":{"_acf_changed":false,"inline_featured_image":false},"product_brand":[],"product_cat":[63],"product_tag":[],"class_list":{"0":"post-29316","1":"product","2":"type-product","3":"status-publish","4":"has-post-thumbnail","6":"product_cat-cajas-de-cosmeticos","8":"first","9":"instock","10":"taxable","11":"shipping-taxable","12":"purchasable","13":"product-type-simple"},"acf":[],"_links":{"self":[{"href":"https:\/\/doktorkasandra.sk\/es\/wp-json\/wp\/v2\/product\/29316","targetHints":{"allow":["GET"]}}],"collection":[{"href":"https:\/\/doktorkasandra.sk\/es\/wp-json\/wp\/v2\/product"}],"about":[{"href":"https:\/\/doktorkasandra.sk\/es\/wp-json\/wp\/v2\/types\/product"}],"replies":[{"embeddable":true,"href":"https:\/\/doktorkasandra.sk\/es\/wp-json\/wp\/v2\/comments?post=29316"}],"wp:featuredmedia":[{"embeddable":true,"href":"https:\/\/doktorkasandra.sk\/es\/wp-json\/wp\/v2\/media\/45289"}],"wp:attachment":[{"href":"https:\/\/doktorkasandra.sk\/es\/wp-json\/wp\/v2\/media?parent=29316"}],"wp:term":[{"taxonomy":"product_brand","embeddable":true,"href":"https:\/\/doktorkasandra.sk\/es\/wp-json\/wp\/v2\/product_brand?post=29316"},{"taxonomy":"product_cat","embeddable":true,"href":"https:\/\/doktorkasandra.sk\/es\/wp-json\/wp\/v2\/product_cat?post=29316"},{"taxonomy":"product_tag","embeddable":true,"href":"https:\/\/doktorkasandra.sk\/es\/wp-json\/wp\/v2\/product_tag?post=29316"}],"curies":[{"name":"wp","href":"https:\/\/api.w.org\/{rel}","templated":true}]}}