{"id":29295,"date":"2019-03-22T07:29:57","date_gmt":"2019-03-22T06:29:57","guid":{"rendered":"https:\/\/doktorkasandra.sk\/obchod\/sin categor\u00eda\/agua-facial-acida-para-piel-sensible-con-menor-contenido-de-alcohol-100-ml\/"},"modified":"2026-04-26T18:05:40","modified_gmt":"2026-04-26T16:05:40","slug":"agua-facial-acida-para-piel-sensible-con-menor-contenido-de-alcohol-100-ml","status":"publish","type":"product","link":"https:\/\/doktorkasandra.sk\/es\/eshop\/pulverizadores-faciales\/agua-facial-acida-para-piel-sensible-con-menor-contenido-de-alcohol-100-ml\/","title":{"rendered":"Agua facial \u00e1cida para piel sensible <b>con menor contenido de alcohol<\/b> <i>100 ml<\/i>"},"content":{"rendered":"","protected":false},"excerpt":{"rendered":"El t\u00f3nico facial \u00e1cido con menor contenido de alcohol est\u00e1 dise\u00f1ado para pieles sensibles, secas y maduras. Este t\u00f3nico facial contiene un 6% de alcohol que ayuda a establecer un entorno \u00e1cido que protege contra la proliferaci\u00f3n de bacterias en la piel. Su f\u00f3rmula suave y no irritante garantiza la eliminaci\u00f3n de restos de maquillaje, polvo e impurezas sin resecar la piel. Despu\u00e9s de su uso, la piel queda hidratada y revitalizada.","protected":false},"featured_media":29297,"comment_status":"open","ping_status":"closed","template":"","meta":{"_acf_changed":false,"inline_featured_image":false},"product_brand":[],"product_cat":[64],"product_tag":[],"class_list":{"0":"post-29295","1":"product","2":"type-product","3":"status-publish","4":"has-post-thumbnail","6":"product_cat-pulverizadores-faciales","8":"first","9":"instock","10":"taxable","11":"shipping-taxable","12":"purchasable","13":"product-type-simple"},"acf":[],"_links":{"self":[{"href":"https:\/\/doktorkasandra.sk\/es\/wp-json\/wp\/v2\/product\/29295","targetHints":{"allow":["GET"]}}],"collection":[{"href":"https:\/\/doktorkasandra.sk\/es\/wp-json\/wp\/v2\/product"}],"about":[{"href":"https:\/\/doktorkasandra.sk\/es\/wp-json\/wp\/v2\/types\/product"}],"replies":[{"embeddable":true,"href":"https:\/\/doktorkasandra.sk\/es\/wp-json\/wp\/v2\/comments?post=29295"}],"wp:featuredmedia":[{"embeddable":true,"href":"https:\/\/doktorkasandra.sk\/es\/wp-json\/wp\/v2\/media\/29297"}],"wp:attachment":[{"href":"https:\/\/doktorkasandra.sk\/es\/wp-json\/wp\/v2\/media?parent=29295"}],"wp:term":[{"taxonomy":"product_brand","embeddable":true,"href":"https:\/\/doktorkasandra.sk\/es\/wp-json\/wp\/v2\/product_brand?post=29295"},{"taxonomy":"product_cat","embeddable":true,"href":"https:\/\/doktorkasandra.sk\/es\/wp-json\/wp\/v2\/product_cat?post=29295"},{"taxonomy":"product_tag","embeddable":true,"href":"https:\/\/doktorkasandra.sk\/es\/wp-json\/wp\/v2\/product_tag?post=29295"}],"curies":[{"name":"wp","href":"https:\/\/api.w.org\/{rel}","templated":true}]}}