{"id":29277,"date":"2021-07-07T08:09:29","date_gmt":"2021-07-07T06:09:29","guid":{"rendered":"https:\/\/doktorkasandra.sk\/obchod\/sin categor\u00eda\/oleogel-elixir-corporal-hada-con-celulas-madre-150g\/"},"modified":"2026-04-25T04:00:07","modified_gmt":"2026-04-25T02:00:07","slug":"oleogel-elixir-corporal-hada-con-celulas-madre-150g","status":"publish","type":"product","link":"https:\/\/doktorkasandra.sk\/es\/eshop\/crema\/oleogel-elixir-corporal-hada-con-celulas-madre-150g\/","title":{"rendered":"Oleogel Elixir Corporal &#8211; Hada <b>con c\u00e9lulas madre<\/b> <i>150g<\/i>"},"content":{"rendered":"El primer producto perfumado de la l\u00ednea del Dr. Sandra.\r\nEste producto es adecuado para el cuidado diario de la piel del cuerpo. Contiene bioperfume, c\u00e9lulas madre de la rosa alpina, que rejuvenecen y fortalecen las c\u00e9lulas de la piel, mejoran las funciones de barrera de la piel. El \u00e1cido hialur\u00f3nico y el escualeno mantienen la hidrataci\u00f3n y preservan la piel sana.<br><br>\r\nAl aplicarlo, su estructura en gel se transforma r\u00e1pidamente en un aceite de f\u00e1cil aplicaci\u00f3n que hidrata la piel y la nutre suavemente.","protected":false},"excerpt":{"rendered":"Este producto es adecuado para el cuidado diario de la piel del cuerpo. Contiene bioperfume, c\u00e9lulas madre de la rosa alpina, que rejuvenecen y fortalecen las c\u00e9lulas de la piel, mejoran las funciones de barrera de la piel. El \u00e1cido hialur\u00f3nico y el escualeno mantienen la hidrataci\u00f3n y preservan la piel sana.","protected":false},"featured_media":42571,"comment_status":"open","ping_status":"closed","template":"","meta":{"_acf_changed":false,"inline_featured_image":false},"product_brand":[],"product_cat":[61,65],"product_tag":[],"class_list":{"0":"post-29277","1":"product","2":"type-product","3":"status-publish","4":"has-post-thumbnail","6":"product_cat-crema","7":"product_cat-leches-corporales","9":"first","10":"instock","11":"taxable","12":"shipping-taxable","13":"purchasable","14":"product-type-simple"},"acf":[],"_links":{"self":[{"href":"https:\/\/doktorkasandra.sk\/es\/wp-json\/wp\/v2\/product\/29277","targetHints":{"allow":["GET"]}}],"collection":[{"href":"https:\/\/doktorkasandra.sk\/es\/wp-json\/wp\/v2\/product"}],"about":[{"href":"https:\/\/doktorkasandra.sk\/es\/wp-json\/wp\/v2\/types\/product"}],"replies":[{"embeddable":true,"href":"https:\/\/doktorkasandra.sk\/es\/wp-json\/wp\/v2\/comments?post=29277"}],"wp:featuredmedia":[{"embeddable":true,"href":"https:\/\/doktorkasandra.sk\/es\/wp-json\/wp\/v2\/media\/42571"}],"wp:attachment":[{"href":"https:\/\/doktorkasandra.sk\/es\/wp-json\/wp\/v2\/media?parent=29277"}],"wp:term":[{"taxonomy":"product_brand","embeddable":true,"href":"https:\/\/doktorkasandra.sk\/es\/wp-json\/wp\/v2\/product_brand?post=29277"},{"taxonomy":"product_cat","embeddable":true,"href":"https:\/\/doktorkasandra.sk\/es\/wp-json\/wp\/v2\/product_cat?post=29277"},{"taxonomy":"product_tag","embeddable":true,"href":"https:\/\/doktorkasandra.sk\/es\/wp-json\/wp\/v2\/product_tag?post=29277"}],"curies":[{"name":"wp","href":"https:\/\/api.w.org\/{rel}","templated":true}]}}