{"id":29273,"date":"2019-03-22T07:40:41","date_gmt":"2019-03-22T06:40:41","guid":{"rendered":"https:\/\/doktorkasandra.sk\/obchod\/sin categor\u00eda\/crema-corporal-con-efecto-humectante-que-contiene-vitaminas-a-e-y-pantenol-y-no-contiene-estabilizantes-ni-parabenos\/"},"modified":"2025-12-27T03:00:11","modified_gmt":"2025-12-27T02:00:11","slug":"crema-corporal-con-efecto-humectante-que-contiene-vitaminas-a-e-y-pantenol-y-no-contiene-estabilizantes-ni-parabenos","status":"publish","type":"product","link":"https:\/\/doktorkasandra.sk\/es\/eshop\/leches-corporales\/crema-corporal-con-efecto-humectante-que-contiene-vitaminas-a-e-y-pantenol-y-no-contiene-estabilizantes-ni-parabenos\/","title":{"rendered":"Crema corporal con efecto humectante <b>que contiene vitaminas A, E y pantenol, y no contiene estabilizantes ni parabenos.<\/b>"},"content":{"rendered":"","protected":false},"excerpt":{"rendered":"Esta loci\u00f3n corporal humecta, nutre y regenera la piel de todo el cuerpo. Con su f\u00f3rmula que incluye vitaminas A y E, est\u00e1 dise\u00f1ada para pieles extremadamente secas. Su uso regular puede reducir parcialmente las manchas pigmentadas. El pantenol es un excelente aliado para calmar la piel despu\u00e9s de la irritaci\u00f3n o la exposici\u00f3n al sol, manteniendo su aspecto saludable. No contiene fragancia.","protected":false},"featured_media":29235,"comment_status":"open","ping_status":"closed","template":"","meta":{"_acf_changed":false,"inline_featured_image":false},"product_brand":[],"product_cat":[65],"product_tag":[],"class_list":{"0":"post-29273","1":"product","2":"type-product","3":"status-publish","4":"has-post-thumbnail","6":"product_cat-leches-corporales","8":"first","9":"instock","10":"taxable","11":"shipping-taxable","12":"purchasable","13":"product-type-simple"},"acf":[],"_links":{"self":[{"href":"https:\/\/doktorkasandra.sk\/es\/wp-json\/wp\/v2\/product\/29273","targetHints":{"allow":["GET"]}}],"collection":[{"href":"https:\/\/doktorkasandra.sk\/es\/wp-json\/wp\/v2\/product"}],"about":[{"href":"https:\/\/doktorkasandra.sk\/es\/wp-json\/wp\/v2\/types\/product"}],"replies":[{"embeddable":true,"href":"https:\/\/doktorkasandra.sk\/es\/wp-json\/wp\/v2\/comments?post=29273"}],"wp:featuredmedia":[{"embeddable":true,"href":"https:\/\/doktorkasandra.sk\/es\/wp-json\/wp\/v2\/media\/29235"}],"wp:attachment":[{"href":"https:\/\/doktorkasandra.sk\/es\/wp-json\/wp\/v2\/media?parent=29273"}],"wp:term":[{"taxonomy":"product_brand","embeddable":true,"href":"https:\/\/doktorkasandra.sk\/es\/wp-json\/wp\/v2\/product_brand?post=29273"},{"taxonomy":"product_cat","embeddable":true,"href":"https:\/\/doktorkasandra.sk\/es\/wp-json\/wp\/v2\/product_cat?post=29273"},{"taxonomy":"product_tag","embeddable":true,"href":"https:\/\/doktorkasandra.sk\/es\/wp-json\/wp\/v2\/product_tag?post=29273"}],"curies":[{"name":"wp","href":"https:\/\/api.w.org\/{rel}","templated":true}]}}