{"id":29268,"date":"2021-04-01T10:08:10","date_gmt":"2021-04-01T08:08:10","guid":{"rendered":"https:\/\/doktorkasandra.sk\/obchod\/sin categor\u00eda\/mascarilla-facial-para-piel-grasa-y-mixta-con-vitaminas-ace-colageno-acido-hialuronico-y-celulas-madre-40g\/"},"modified":"2025-12-19T03:00:09","modified_gmt":"2025-12-19T02:00:09","slug":"mascarilla-facial-para-piel-grasa-y-mixta-con-vitaminas-ace-colageno-acido-hialuronico-y-celulas-madre-40g","status":"publish","type":"product","link":"https:\/\/doktorkasandra.sk\/es\/eshop\/crema\/mascarilla-facial-para-piel-grasa-y-mixta-con-vitaminas-ace-colageno-acido-hialuronico-y-celulas-madre-40g\/","title":{"rendered":"Mascarilla facial para piel grasa y mixta <b>con vitaminas ACE, col\u00e1geno, \u00e1cido hialur\u00f3nico y c\u00e9lulas madre<\/b> <i>40g<\/i>"},"content":{"rendered":"","protected":false},"excerpt":{"rendered":"La crema mascarilla est\u00e1 dise\u00f1ada para el cuidado nocturno de la piel grasa y mixta. Las vitaminas y el col\u00e1geno nutren y regeneran la piel, mientras que el \u00e1cido hialur\u00f3nico proporciona hidrataci\u00f3n. Los fitol\u00e1ticos efectivos obtenidos mediante procesos suaves a partir de las c\u00e9lulas madre de la rosa alpina se componen en un complejo utilizando la tecnolog\u00eda especial PhytoCellTec\u2122 Alp Rose.","protected":false},"featured_media":29270,"comment_status":"open","ping_status":"closed","template":"","meta":{"_acf_changed":false,"inline_featured_image":false},"product_brand":[],"product_cat":[61],"product_tag":[],"class_list":{"0":"post-29268","1":"product","2":"type-product","3":"status-publish","4":"has-post-thumbnail","6":"product_cat-crema","8":"first","9":"instock","10":"taxable","11":"shipping-taxable","12":"purchasable","13":"product-type-simple"},"acf":[],"_links":{"self":[{"href":"https:\/\/doktorkasandra.sk\/es\/wp-json\/wp\/v2\/product\/29268","targetHints":{"allow":["GET"]}}],"collection":[{"href":"https:\/\/doktorkasandra.sk\/es\/wp-json\/wp\/v2\/product"}],"about":[{"href":"https:\/\/doktorkasandra.sk\/es\/wp-json\/wp\/v2\/types\/product"}],"replies":[{"embeddable":true,"href":"https:\/\/doktorkasandra.sk\/es\/wp-json\/wp\/v2\/comments?post=29268"}],"wp:featuredmedia":[{"embeddable":true,"href":"https:\/\/doktorkasandra.sk\/es\/wp-json\/wp\/v2\/media\/29270"}],"wp:attachment":[{"href":"https:\/\/doktorkasandra.sk\/es\/wp-json\/wp\/v2\/media?parent=29268"}],"wp:term":[{"taxonomy":"product_brand","embeddable":true,"href":"https:\/\/doktorkasandra.sk\/es\/wp-json\/wp\/v2\/product_brand?post=29268"},{"taxonomy":"product_cat","embeddable":true,"href":"https:\/\/doktorkasandra.sk\/es\/wp-json\/wp\/v2\/product_cat?post=29268"},{"taxonomy":"product_tag","embeddable":true,"href":"https:\/\/doktorkasandra.sk\/es\/wp-json\/wp\/v2\/product_tag?post=29268"}],"curies":[{"name":"wp","href":"https:\/\/api.w.org\/{rel}","templated":true}]}}