{"id":29264,"date":"2019-03-22T07:34:20","date_gmt":"2019-03-22T06:34:20","guid":{"rendered":"https:\/\/doktorkasandra.sk\/obchod\/sin categor\u00eda\/crema-corporal-con-efecto-hidratante-con-urea-vitamina-e-sin-ingredientes-estabilizadores-ni-parabenos\/"},"modified":"2026-05-05T13:23:59","modified_gmt":"2026-05-05T11:23:59","slug":"crema-corporal-con-efecto-hidratante-con-urea-vitamina-e-sin-ingredientes-estabilizadores-ni-parabenos","status":"publish","type":"product","link":"https:\/\/doktorkasandra.sk\/es\/eshop\/leches-corporales\/crema-corporal-con-efecto-hidratante-con-urea-vitamina-e-sin-ingredientes-estabilizadores-ni-parabenos\/","title":{"rendered":"Crema corporal con efecto hidratante <b>con urea, vitamina E, sin ingredientes estabilizadores ni parabenos<\/b>"},"content":{"rendered":"","protected":false},"excerpt":{"rendered":"La crema hidratante corporal con aceite de aguacate est\u00e1 dise\u00f1ada para hidratar y revitalizar la piel de todo el cuerpo. La piel se vuelve m\u00e1s el\u00e1stica y suave, sin sensaci\u00f3n de grasa. Gracias a la urea, la piel se vuelve suave y tersa. La vitamina E rejuvenece la piel y la regenera cuando est\u00e1 seca e irritada. Incluso la piel grasa a veces puede manifestarse como seca, especialmente si no est\u00e1 lo suficientemente hidratada. Se absorbe instant\u00e1neamente en la piel sin dejar una pel\u00edcula grasa, por lo que puede vestirse de inmediato despu\u00e9s de aplicarla. Esta caracter\u00edstica tambi\u00e9n la hace popular entre los hombres. No contiene perfume.","protected":false},"featured_media":29267,"comment_status":"open","ping_status":"closed","template":"","meta":{"_acf_changed":false,"inline_featured_image":false},"product_brand":[],"product_cat":[65],"product_tag":[],"class_list":{"0":"post-29264","1":"product","2":"type-product","3":"status-publish","4":"has-post-thumbnail","6":"product_cat-leches-corporales","8":"first","9":"instock","10":"taxable","11":"shipping-taxable","12":"purchasable","13":"product-type-simple"},"acf":[],"_links":{"self":[{"href":"https:\/\/doktorkasandra.sk\/es\/wp-json\/wp\/v2\/product\/29264","targetHints":{"allow":["GET"]}}],"collection":[{"href":"https:\/\/doktorkasandra.sk\/es\/wp-json\/wp\/v2\/product"}],"about":[{"href":"https:\/\/doktorkasandra.sk\/es\/wp-json\/wp\/v2\/types\/product"}],"replies":[{"embeddable":true,"href":"https:\/\/doktorkasandra.sk\/es\/wp-json\/wp\/v2\/comments?post=29264"}],"wp:featuredmedia":[{"embeddable":true,"href":"https:\/\/doktorkasandra.sk\/es\/wp-json\/wp\/v2\/media\/29267"}],"wp:attachment":[{"href":"https:\/\/doktorkasandra.sk\/es\/wp-json\/wp\/v2\/media?parent=29264"}],"wp:term":[{"taxonomy":"product_brand","embeddable":true,"href":"https:\/\/doktorkasandra.sk\/es\/wp-json\/wp\/v2\/product_brand?post=29264"},{"taxonomy":"product_cat","embeddable":true,"href":"https:\/\/doktorkasandra.sk\/es\/wp-json\/wp\/v2\/product_cat?post=29264"},{"taxonomy":"product_tag","embeddable":true,"href":"https:\/\/doktorkasandra.sk\/es\/wp-json\/wp\/v2\/product_tag?post=29264"}],"curies":[{"name":"wp","href":"https:\/\/api.w.org\/{rel}","templated":true}]}}