{"id":29260,"date":"2021-04-01T10:08:05","date_gmt":"2021-04-01T08:08:05","guid":{"rendered":"https:\/\/doktorkasandra.sk\/obchod\/sin%20categor\u00eda\/mascarilla-facial-para-piel-seca-con-contenido-de-vitaminas-a-y-e-coenzima-q10-acido-hialuronico-y-celulas-madre-40g\/"},"modified":"2025-12-19T03:00:10","modified_gmt":"2025-12-19T02:00:10","slug":"mascarilla-facial-para-piel-seca-con-contenido-de-vitaminas-a-y-e-coenzima-q10-acido-hialuronico-y-celulas-madre-40g","status":"publish","type":"product","link":"https:\/\/doktorkasandra.sk\/es\/eshop\/crema\/mascarilla-facial-para-piel-seca-con-contenido-de-vitaminas-a-y-e-coenzima-q10-acido-hialuronico-y-celulas-madre-40g\/","title":{"rendered":"Mascarilla facial para piel seca <b>con contenido de vitaminas A y E, coenzima Q10, \u00e1cido hialur\u00f3nico y c\u00e9lulas madre.<\/b> <i>40g<\/i>"},"content":{"rendered":"","protected":false},"excerpt":{"rendered":"Mascarilla facial cremosa para piel seca con vitaminas A y E, coenzima Q10 y \u00e1cido hialur\u00f3nico. Est\u00e1 dise\u00f1ada para el cuidado integral de la piel, proporcionando nutrici\u00f3n e hidrataci\u00f3n, y gracias a su contenido de coenzima Q10, ralentiza el proceso de envejecimiento. <br><br>Los eficaces fitol\u00e1ticos obtenidos a trav\u00e9s de procesos suaves a partir de c\u00e9lulas madre de la rosa alpina se combinan en un complejo PhytoCellTec\u2122Alp Rose mediante una tecnolog\u00eda especial.","protected":false},"featured_media":37301,"comment_status":"open","ping_status":"closed","template":"","meta":{"_acf_changed":false,"inline_featured_image":false},"product_brand":[],"product_cat":[61],"product_tag":[],"class_list":{"0":"post-29260","1":"product","2":"type-product","3":"status-publish","4":"has-post-thumbnail","6":"product_cat-crema","8":"first","9":"instock","10":"taxable","11":"shipping-taxable","12":"purchasable","13":"product-type-simple"},"acf":[],"_links":{"self":[{"href":"https:\/\/doktorkasandra.sk\/es\/wp-json\/wp\/v2\/product\/29260","targetHints":{"allow":["GET"]}}],"collection":[{"href":"https:\/\/doktorkasandra.sk\/es\/wp-json\/wp\/v2\/product"}],"about":[{"href":"https:\/\/doktorkasandra.sk\/es\/wp-json\/wp\/v2\/types\/product"}],"replies":[{"embeddable":true,"href":"https:\/\/doktorkasandra.sk\/es\/wp-json\/wp\/v2\/comments?post=29260"}],"wp:featuredmedia":[{"embeddable":true,"href":"https:\/\/doktorkasandra.sk\/es\/wp-json\/wp\/v2\/media\/37301"}],"wp:attachment":[{"href":"https:\/\/doktorkasandra.sk\/es\/wp-json\/wp\/v2\/media?parent=29260"}],"wp:term":[{"taxonomy":"product_brand","embeddable":true,"href":"https:\/\/doktorkasandra.sk\/es\/wp-json\/wp\/v2\/product_brand?post=29260"},{"taxonomy":"product_cat","embeddable":true,"href":"https:\/\/doktorkasandra.sk\/es\/wp-json\/wp\/v2\/product_cat?post=29260"},{"taxonomy":"product_tag","embeddable":true,"href":"https:\/\/doktorkasandra.sk\/es\/wp-json\/wp\/v2\/product_tag?post=29260"}],"curies":[{"name":"wp","href":"https:\/\/api.w.org\/{rel}","templated":true}]}}