{"id":29237,"date":"2020-07-07T14:39:34","date_gmt":"2020-07-07T12:39:34","guid":{"rendered":"https:\/\/doktorkasandra.sk\/obchod\/sin categor\u00eda\/serum-con-vitamina-c-30-ml\/"},"modified":"2026-04-25T04:00:08","modified_gmt":"2026-04-25T02:00:08","slug":"serum-con-vitamina-c-30-ml","status":"publish","type":"product","link":"https:\/\/doktorkasandra.sk\/es\/eshop\/crema\/serum-con-vitamina-c-30-ml\/","title":{"rendered":"S\u00e9rum con vitamina C <i>30 ml<\/i>"},"content":{"rendered":"\u00abSueros estabilizados con vitaminas dispersas en delicadas gotas de aceite de borraja penetran en los componentes lip\u00eddicos de la piel. La acci\u00f3n sin\u00e9rgica de las vitaminas C y E ayuda a mantener la protecci\u00f3n antioxidante de la piel contra la formaci\u00f3n de radicales libres. La vitamina A contribuye a reducir las finas arrugas y aumenta la elasticidad de la piel. El \u00e1cido hialur\u00f3nico junto con el aceite de jojoba restauran el equilibrio hidrolip\u00eddico de la piel. El suero facial mejora la condici\u00f3n de la piel, dej\u00e1ndola con un aspecto suave y terso, sin sensaci\u00f3n grasosa.","protected":false},"excerpt":{"rendered":"Contiene una combinaci\u00f3n de vitaminas y \u00e1cidos grasos poliinsaturados que act\u00faan eficazmente contra los signos de envejecimiento de la piel, como arrugas, p\u00e9rdida de firmeza y elasticidad, y sequedad. Act\u00faa como prevenci\u00f3n contra pigmentaciones no deseadas y tiene propiedades antiinflamatorias en los casos de inflamaci\u00f3n cut\u00e1nea. Adem\u00e1s de la vitamina C en delicadas part\u00edculas de aceite de borraja, se utiliza un veh\u00edculo de alta calidad en la fabricaci\u00f3n, que se produce mediante cavitaci\u00f3n ultras\u00f3nica, una tecnolog\u00eda innovadora que combina la tecnolog\u00eda con un cuidadosamente seleccionado fosfol\u00edpido vegetal y aceite de jojoba natural.","protected":false},"featured_media":29259,"comment_status":"open","ping_status":"closed","template":"","meta":{"_acf_changed":false,"inline_featured_image":false},"product_brand":[],"product_cat":[61],"product_tag":[],"class_list":{"0":"post-29237","1":"product","2":"type-product","3":"status-publish","4":"has-post-thumbnail","6":"product_cat-crema","8":"first","9":"instock","10":"taxable","11":"shipping-taxable","12":"purchasable","13":"product-type-simple"},"acf":[],"_links":{"self":[{"href":"https:\/\/doktorkasandra.sk\/es\/wp-json\/wp\/v2\/product\/29237","targetHints":{"allow":["GET"]}}],"collection":[{"href":"https:\/\/doktorkasandra.sk\/es\/wp-json\/wp\/v2\/product"}],"about":[{"href":"https:\/\/doktorkasandra.sk\/es\/wp-json\/wp\/v2\/types\/product"}],"replies":[{"embeddable":true,"href":"https:\/\/doktorkasandra.sk\/es\/wp-json\/wp\/v2\/comments?post=29237"}],"wp:featuredmedia":[{"embeddable":true,"href":"https:\/\/doktorkasandra.sk\/es\/wp-json\/wp\/v2\/media\/29259"}],"wp:attachment":[{"href":"https:\/\/doktorkasandra.sk\/es\/wp-json\/wp\/v2\/media?parent=29237"}],"wp:term":[{"taxonomy":"product_brand","embeddable":true,"href":"https:\/\/doktorkasandra.sk\/es\/wp-json\/wp\/v2\/product_brand?post=29237"},{"taxonomy":"product_cat","embeddable":true,"href":"https:\/\/doktorkasandra.sk\/es\/wp-json\/wp\/v2\/product_cat?post=29237"},{"taxonomy":"product_tag","embeddable":true,"href":"https:\/\/doktorkasandra.sk\/es\/wp-json\/wp\/v2\/product_tag?post=29237"}],"curies":[{"name":"wp","href":"https:\/\/api.w.org\/{rel}","templated":true}]}}