{"id":29231,"date":"2020-01-07T23:17:10","date_gmt":"2020-01-07T22:17:10","guid":{"rendered":"https:\/\/doktorkasandra.sk\/obchod\/sin%20categor\u00eda\/serum-facial-de-aceite-con-betacaroteno-para-piel-cansada-y-apagada-iguala-imperfecciones-en-el-tono-de-piel-restaura-la-luminosidad-y-combate-la-radiacion-azul-de-la-pantalla-20-ml\/"},"modified":"2026-04-25T04:00:08","modified_gmt":"2026-04-25T02:00:08","slug":"serum-facial-de-aceite-con-betacaroteno-para-piel-cansada-y-apagada-iguala-imperfecciones-en-el-tono-de-piel-restaura-la-luminosidad-y-combate-la-radiacion-azul-de-la-pantalla-20-ml","status":"publish","type":"product","link":"https:\/\/doktorkasandra.sk\/es\/eshop\/crema\/serum-facial-de-aceite-con-betacaroteno-para-piel-cansada-y-apagada-iguala-imperfecciones-en-el-tono-de-piel-restaura-la-luminosidad-y-combate-la-radiacion-azul-de-la-pantalla-20-ml\/","title":{"rendered":"S\u00e9rum facial de aceite <b>con betacaroteno &#8211; para piel cansada y apagada. Iguala imperfecciones en el tono de piel, restaura la luminosidad y combate la radiaci\u00f3n azul de la pantalla.<\/b> <i>20 ml<\/i>"},"content":{"rendered":"El ingrediente principal es una combinaci\u00f3n de extracto de ra\u00edz de zanahoria, aceite de semilla de zanahoria y beta-caroteno. Ingredientes importantes tambi\u00e9n incluyen aceite de oliva, aceite de arg\u00e1n, aceite de macadamia y escualeno, que tienen un efecto hidratante, regenerador e hidratante en la piel.\r\n\r\nEl producto tambi\u00e9n contiene vitamina E y palmitato de vitamina A, que reduce la queratinizaci\u00f3n de las c\u00e9lulas y acelera la formaci\u00f3n de nuevas c\u00e9lulas de la piel.","protected":false},"excerpt":{"rendered":"El suero est\u00e1 fabricado con los conocimientos m\u00e9dicos m\u00e1s avanzados y est\u00e1 dise\u00f1ado para proteger la piel de la luz azul emitida por dispositivos electr\u00f3nicos como computadoras y televisores, la iluminaci\u00f3n artificial y la luz natural. Con su acci\u00f3n, reduce el estr\u00e9s oxidativo inducido en las c\u00e9lulas por esta luz y tambi\u00e9n tiene un efecto antienvejecimiento. Como efecto secundario de la acumulaci\u00f3n de carotenoides en las capas superiores de la piel, proporciona un tono m\u00e1s saludable y equilibrado a la piel p\u00e1lida y cansada.","protected":false},"featured_media":29234,"comment_status":"open","ping_status":"closed","template":"","meta":{"_acf_changed":false,"inline_featured_image":false},"product_brand":[],"product_cat":[61],"product_tag":[],"class_list":{"0":"post-29231","1":"product","2":"type-product","3":"status-publish","4":"has-post-thumbnail","6":"product_cat-crema","8":"first","9":"instock","10":"taxable","11":"shipping-taxable","12":"purchasable","13":"product-type-simple"},"acf":[],"_links":{"self":[{"href":"https:\/\/doktorkasandra.sk\/es\/wp-json\/wp\/v2\/product\/29231","targetHints":{"allow":["GET"]}}],"collection":[{"href":"https:\/\/doktorkasandra.sk\/es\/wp-json\/wp\/v2\/product"}],"about":[{"href":"https:\/\/doktorkasandra.sk\/es\/wp-json\/wp\/v2\/types\/product"}],"replies":[{"embeddable":true,"href":"https:\/\/doktorkasandra.sk\/es\/wp-json\/wp\/v2\/comments?post=29231"}],"wp:featuredmedia":[{"embeddable":true,"href":"https:\/\/doktorkasandra.sk\/es\/wp-json\/wp\/v2\/media\/29234"}],"wp:attachment":[{"href":"https:\/\/doktorkasandra.sk\/es\/wp-json\/wp\/v2\/media?parent=29231"}],"wp:term":[{"taxonomy":"product_brand","embeddable":true,"href":"https:\/\/doktorkasandra.sk\/es\/wp-json\/wp\/v2\/product_brand?post=29231"},{"taxonomy":"product_cat","embeddable":true,"href":"https:\/\/doktorkasandra.sk\/es\/wp-json\/wp\/v2\/product_cat?post=29231"},{"taxonomy":"product_tag","embeddable":true,"href":"https:\/\/doktorkasandra.sk\/es\/wp-json\/wp\/v2\/product_tag?post=29231"}],"curies":[{"name":"wp","href":"https:\/\/api.w.org\/{rel}","templated":true}]}}