{"id":29198,"date":"2019-03-22T07:17:40","date_gmt":"2019-03-22T06:17:40","guid":{"rendered":"https:\/\/doktorkasandra.sk\/obchod\/sin categor\u00eda\/crema-nutritiva-con-contenido-de-vitaminas-a-e-c-y-acido-hialuronico-40-g\/"},"modified":"2026-04-21T08:12:11","modified_gmt":"2026-04-21T06:12:11","slug":"crema-nutritiva-con-contenido-de-vitaminas-a-e-c-y-acido-hialuronico-40-g","status":"publish","type":"product","link":"https:\/\/doktorkasandra.sk\/es\/eshop\/crema\/crema-nutritiva-con-contenido-de-vitaminas-a-e-c-y-acido-hialuronico-40-g\/","title":{"rendered":"Crema nutritiva <b>con contenido de vitaminas A, E, C y \u00e1cido hialur\u00f3nico<\/b> <i>40 g<\/i>"},"content":{"rendered":"La crema nutritiva contiene vitaminas al igual que la crema semigrasa. La diferencia est\u00e1 en su consistencia y base de crema. En este caso, se recomienda aplicarla como crema nocturna o como mascarilla facial. Es un excelente aliado contra las arrugas, protege mejor la piel contra el envejecimiento, acelera su regeneraci\u00f3n, la suaviza y reduce las arrugas. Tambi\u00e9n ayuda a tensar la piel y mantener su estructura m\u00e1s firme. No contiene parabenos.","protected":false},"excerpt":{"rendered":"Crema nutritiva y revitalizante para la piel madura o seca del rostro, cuello y escote. La piel seca requiere cuidados especiales a medida que envejece, por eso creamos esta crema nutritiva. Es adecuada para pieles secas y maduras con signos de envejecimiento. Si tienes la piel seca, tensa y deshidratada, esta crema es perfecta para ti. Tambi\u00e9n es especialmente adecuada para fumadores y para todas las personas que viven en entornos estresantes en grandes ciudades.","protected":false},"featured_media":29208,"comment_status":"open","ping_status":"closed","template":"","meta":{"_acf_changed":false,"inline_featured_image":false},"product_brand":[],"product_cat":[61],"product_tag":[],"class_list":{"0":"post-29198","1":"product","2":"type-product","3":"status-publish","4":"has-post-thumbnail","6":"product_cat-crema","8":"first","9":"instock","10":"taxable","11":"shipping-taxable","12":"purchasable","13":"product-type-simple"},"acf":[],"_links":{"self":[{"href":"https:\/\/doktorkasandra.sk\/es\/wp-json\/wp\/v2\/product\/29198","targetHints":{"allow":["GET"]}}],"collection":[{"href":"https:\/\/doktorkasandra.sk\/es\/wp-json\/wp\/v2\/product"}],"about":[{"href":"https:\/\/doktorkasandra.sk\/es\/wp-json\/wp\/v2\/types\/product"}],"replies":[{"embeddable":true,"href":"https:\/\/doktorkasandra.sk\/es\/wp-json\/wp\/v2\/comments?post=29198"}],"wp:featuredmedia":[{"embeddable":true,"href":"https:\/\/doktorkasandra.sk\/es\/wp-json\/wp\/v2\/media\/29208"}],"wp:attachment":[{"href":"https:\/\/doktorkasandra.sk\/es\/wp-json\/wp\/v2\/media?parent=29198"}],"wp:term":[{"taxonomy":"product_brand","embeddable":true,"href":"https:\/\/doktorkasandra.sk\/es\/wp-json\/wp\/v2\/product_brand?post=29198"},{"taxonomy":"product_cat","embeddable":true,"href":"https:\/\/doktorkasandra.sk\/es\/wp-json\/wp\/v2\/product_cat?post=29198"},{"taxonomy":"product_tag","embeddable":true,"href":"https:\/\/doktorkasandra.sk\/es\/wp-json\/wp\/v2\/product_tag?post=29198"}],"curies":[{"name":"wp","href":"https:\/\/api.w.org\/{rel}","templated":true}]}}