{"id":29156,"date":"2019-03-22T07:05:22","date_gmt":"2019-03-22T06:05:22","guid":{"rendered":"https:\/\/doktorkasandra.sk\/obchod\/sin%20categor\u00eda\/crema-hidratante-con-contenido-de-urea-40g\/"},"modified":"2026-02-22T23:07:09","modified_gmt":"2026-02-22T22:07:09","slug":"crema-hidratante-con-contenido-de-urea-40g","status":"publish","type":"product","link":"https:\/\/doktorkasandra.sk\/es\/eshop\/crema\/crema-hidratante-con-contenido-de-urea-40g\/","title":{"rendered":"Crema hidratante <b>con contenido de urea<\/b> <i>40g<\/i>"},"content":{"rendered":"","protected":false},"excerpt":{"rendered":"Una crema altamente hidratante y calmante adecuada para pieles grasas, secas en algunas \u00e1reas y mixtas en la cara, el cuello y el escote. Cosm\u00e9tica m\u00e9dica adecuada incluso para pieles problem\u00e1ticas y propensas al acn\u00e9. Tambi\u00e9n es excelente como crema base debajo del maquillaje durante todo el a\u00f1o. La crema hidratante del Dr. Sandra se ha convertido en el producto m\u00e1s vendido, principalmente debido a su composici\u00f3n, cuyo ingrediente principal es la urea.","protected":false},"featured_media":29162,"comment_status":"open","ping_status":"closed","template":"","meta":{"_acf_changed":false,"inline_featured_image":false},"product_brand":[],"product_cat":[61],"product_tag":[],"class_list":{"0":"post-29156","1":"product","2":"type-product","3":"status-publish","4":"has-post-thumbnail","6":"product_cat-crema","8":"first","9":"instock","10":"taxable","11":"shipping-taxable","12":"purchasable","13":"product-type-simple"},"acf":[],"_links":{"self":[{"href":"https:\/\/doktorkasandra.sk\/es\/wp-json\/wp\/v2\/product\/29156","targetHints":{"allow":["GET"]}}],"collection":[{"href":"https:\/\/doktorkasandra.sk\/es\/wp-json\/wp\/v2\/product"}],"about":[{"href":"https:\/\/doktorkasandra.sk\/es\/wp-json\/wp\/v2\/types\/product"}],"replies":[{"embeddable":true,"href":"https:\/\/doktorkasandra.sk\/es\/wp-json\/wp\/v2\/comments?post=29156"}],"wp:featuredmedia":[{"embeddable":true,"href":"https:\/\/doktorkasandra.sk\/es\/wp-json\/wp\/v2\/media\/29162"}],"wp:attachment":[{"href":"https:\/\/doktorkasandra.sk\/es\/wp-json\/wp\/v2\/media?parent=29156"}],"wp:term":[{"taxonomy":"product_brand","embeddable":true,"href":"https:\/\/doktorkasandra.sk\/es\/wp-json\/wp\/v2\/product_brand?post=29156"},{"taxonomy":"product_cat","embeddable":true,"href":"https:\/\/doktorkasandra.sk\/es\/wp-json\/wp\/v2\/product_cat?post=29156"},{"taxonomy":"product_tag","embeddable":true,"href":"https:\/\/doktorkasandra.sk\/es\/wp-json\/wp\/v2\/product_tag?post=29156"}],"curies":[{"name":"wp","href":"https:\/\/api.w.org\/{rel}","templated":true}]}}