{"id":29138,"date":"2023-03-15T14:23:17","date_gmt":"2023-03-15T13:23:17","guid":{"rendered":"https:\/\/doktorkasandra.sk\/obchod\/sin%20categor\u00eda\/crema-ultrafacial\/"},"modified":"2026-04-25T04:00:10","modified_gmt":"2026-04-25T02:00:10","slug":"crema-ultrafacial","status":"publish","type":"product","link":"https:\/\/doktorkasandra.sk\/es\/eshop\/crema\/crema-ultrafacial\/","title":{"rendered":"<em>Novedad:<\/em> Crema Ultrafacial platinum <i>40g<\/i>"},"content":{"rendered":"","protected":false},"excerpt":{"rendered":"<ul>\r\n\t<li>Crema facial ultra facial de 24 horas con ceramidas de \u00faltima generaci\u00f3n<\/li>\r\n\t<li>Proporciona una hidrataci\u00f3n de 24 horas con una sensaci\u00f3n de piel m\u00e1s saludable, mantiene una barrera cut\u00e1nea saludable y fortalece la piel en su defensa contra sustancias nocivas<\/li>\r\n\t<li>Mantiene naturalmente el nivel de hidrataci\u00f3n de la piel<\/li>\r\n\t<li>Se absorbe r\u00e1pidamente gracias a su textura ligera y no deja la piel grasosa<\/li>\r\n\t<li>Adecuado para todo tipo de pieles, incluyendo las m\u00e1s sensibles, tambi\u00e9n se puede usar como base de maquillaje<\/li>\r\n\t<li>Apto para hombres debido a su textura ligera<\/li>\r\n<\/ul>","protected":false},"featured_media":42991,"comment_status":"open","ping_status":"closed","template":"","meta":{"_acf_changed":false,"inline_featured_image":false},"product_brand":[],"product_cat":[61],"product_tag":[],"class_list":{"0":"post-29138","1":"product","2":"type-product","3":"status-publish","4":"has-post-thumbnail","6":"product_cat-crema","8":"first","9":"instock","10":"taxable","11":"shipping-taxable","12":"purchasable","13":"product-type-simple"},"acf":[],"_links":{"self":[{"href":"https:\/\/doktorkasandra.sk\/es\/wp-json\/wp\/v2\/product\/29138","targetHints":{"allow":["GET"]}}],"collection":[{"href":"https:\/\/doktorkasandra.sk\/es\/wp-json\/wp\/v2\/product"}],"about":[{"href":"https:\/\/doktorkasandra.sk\/es\/wp-json\/wp\/v2\/types\/product"}],"replies":[{"embeddable":true,"href":"https:\/\/doktorkasandra.sk\/es\/wp-json\/wp\/v2\/comments?post=29138"}],"wp:featuredmedia":[{"embeddable":true,"href":"https:\/\/doktorkasandra.sk\/es\/wp-json\/wp\/v2\/media\/42991"}],"wp:attachment":[{"href":"https:\/\/doktorkasandra.sk\/es\/wp-json\/wp\/v2\/media?parent=29138"}],"wp:term":[{"taxonomy":"product_brand","embeddable":true,"href":"https:\/\/doktorkasandra.sk\/es\/wp-json\/wp\/v2\/product_brand?post=29138"},{"taxonomy":"product_cat","embeddable":true,"href":"https:\/\/doktorkasandra.sk\/es\/wp-json\/wp\/v2\/product_cat?post=29138"},{"taxonomy":"product_tag","embeddable":true,"href":"https:\/\/doktorkasandra.sk\/es\/wp-json\/wp\/v2\/product_tag?post=29138"}],"curies":[{"name":"wp","href":"https:\/\/api.w.org\/{rel}","templated":true}]}}