{"id":29173,"date":"2019-03-06T11:04:00","date_gmt":"2019-03-06T10:04:00","guid":{"rendered":"https:\/\/doktorkasandra.sk\/?page_id=29173"},"modified":"2023-09-24T23:25:47","modified_gmt":"2023-09-24T21:25:47","slug":"politica-de-privacidad","status":"publish","type":"page","link":"https:\/\/doktorkasandra.sk\/es\/politica-de-privacidad\/","title":{"rendered":"Pol\u00edtica de privacidad"},"content":{"rendered":"<div class=\"ochrana\">\r\n\r\nEstimado cliente,\r\n\r\nPara procesar su pedido, necesitamos su informaci\u00f3n personal. La seguridad y el procesamiento legal de sus datos son primordiales para nosotros. Aqu\u00ed aprender\u00e1 c\u00f3mo procesamos sus datos personales y c\u00f3mo garantizamos su seguridad.\r\n\r\n<strong>1. \u00bfQui\u00e9nes somos?<\/strong>\r\nSus datos personales son procesados por nuestra empresa:<br><br>\r\n\r\nDr. Sandra Ltda.<br>\r\nPartiz\u00e1nska 2<br>\r\n811 01 Bratislava<br><br>\r\n\r\nRepresentado por: MUDr. Alexandra Rozborilov\u00e1, PhD., Directora General<br>\r\n\r\nCorreo electr\u00f3nico: <a href=\"mailto:objednavky@doktorkasandra.sk\">objednavky@doktorkasandra.sk<\/a> (en adelante, el \u00abresponsable\u00bb).\r\n\r\n<strong>2. \u00bfQu\u00e9 datos personales procesamos?<\/strong>\r\n\r\n<strong>Tienda en l\u00ednea<\/strong>\r\nPara procesar su pedido y cumplir con todas las obligaciones legales asociadas, procesamos sus datos personales, que incluyen: t\u00edtulo, nombre, apellidos, direcci\u00f3n de entrega, direcci\u00f3n de facturaci\u00f3n, detalles del pedido, informaci\u00f3n de pago, persona de contacto, n\u00famero de tel\u00e9fono, correo electr\u00f3nico.\r\n\r\n<strong>Registro de Quejas<\/strong>\r\nPara manejar su queja, procesamos datos personales, incluyendo: t\u00edtulo, nombre, apellidos, fecha de nacimiento, direcci\u00f3n y tipo de residencia, direcci\u00f3n de entrega, direcci\u00f3n de facturaci\u00f3n, detalles del producto objeto de la queja, n\u00famero de cuenta bancaria, detalles de pago, m\u00e9todo de resoluci\u00f3n de quejas, n\u00famero de tel\u00e9fono, correo electr\u00f3nico, firma, nombre y apellidos de la persona de contacto, n\u00famero de tel\u00e9fono de la persona de contacto.\r\n\r\n<strong>Marketing<\/strong>\r\nCon su consentimiento, procesamos sus datos personales, incluyendo: t\u00edtulo, nombre, apellidos, correo electr\u00f3nico, n\u00famero de tel\u00e9fono, direcci\u00f3n IP, cookies.\r\n\r\n<strong>Sistema de C\u00e1maras<\/strong>\r\nSi viene en persona a recoger productos en nuestra cl\u00ednica, su imagen puede ser grabada, ya que las instalaciones est\u00e1n monitorizadas por un sistema de c\u00e1maras.\r\n\r\n<strong>3. \u00bfCu\u00e1l es el prop\u00f3sito del procesamiento de sus datos personales?<\/strong>\r\n\r\n<strong>Tienda en l\u00ednea<\/strong>\r\nProcesamos sus datos personales con el prop\u00f3sito de celebrar un contrato en l\u00ednea y cumplirlo. Esto incluye aceptar y registrar pedidos, procesar pedidos, enviar productos, emitir facturas, manejar cancelaciones de contratos y quejas.\r\n\r\n<strong>Registro de Quejas<\/strong>\r\nProcesamos sus datos personales para manejar su queja y cumplir con nuestras obligaciones legales.\r\n\r\n<strong>Contabilidad<\/strong>\r\nProcesamos sus datos personales para cumplir con nuestras obligaciones bajo regulaciones legales especiales relacionadas con la contabilidad.\r\n\r\n<strong>Cuenta de Usuario<\/strong>\r\nCon su consentimiento, procesamos sus datos personales para crear una cuenta de usuario.\r\n\r\n<strong>Comunicaci\u00f3n de Marketing<\/strong>\r\nProcesamos sus datos personales para cuidar de usted como cliente, proporcionar informaci\u00f3n sobre productos y servicios, y realizar investigaciones de mercado, utilizando su m\u00e9todo de comunicaci\u00f3n preferido. Procesamos sus datos personales para este prop\u00f3sito solo si nos ha dado su consentimiento.\r\n\r\n<strong>Cookies<\/strong>\r\nCon su consentimiento, tambi\u00e9n procesamos su direcci\u00f3n IP y cookies. Estos se utilizan para mejorar la funcionalidad del sitio web y para fines de publicidad y remarketing.\r\n\r\n<strong>Competencia del Consumidor<\/strong>\r\nSi participa en una competencia para consumidores organizada por nosotros, procesamos sus datos personales para gestionar su participaci\u00f3n y otorgar premios. Si el responsable procesa datos personales basados en el consentimiento a trav\u00e9s del sitio web, estos servicios no est\u00e1n destinados a personas menores de 16 a\u00f1os.\r\n\r\n<strong>4. \u00bfCu\u00e1l es nuestro inter\u00e9s leg\u00edtimo?<\/strong>\r\nUtilizamos el sistema de c\u00e1maras para proteger nuestra propiedad dentro de este edificio y para proteger los datos personales que procesamos.\r\n\r\n<strong>5. \u00bfC\u00f3mo puede darnos su consentimiento?<\/strong>\r\nPuede darnos su consentimiento para el procesamiento de sus datos personales marcando la casilla relevante.\r\n\r\n<strong>6. \u00bfC\u00f3mo puede retirar su consentimiento?<\/strong>\r\nPuede retirar su consentimiento para el procesamiento de sus datos personales en cualquier momento:\r\n\r\n&#8211; enviando un correo electr\u00f3nico a <a href=\"mailto:objednavky@doktorkasandra.sk\">objednavky@doktorkasandra.sk<\/a>\r\n&#8211; enviando una carta a Partiz\u00e1nska 2, 811 01 Bratislava\r\n\r\n<strong>7. \u00bfA qui\u00e9n proporcionamos sus datos?<\/strong>\r\nPara cumplir con las obligaciones contractuales, proporcionamos sus datos personales al transportista. Seg\u00fan un acuerdo de mediaci\u00f3n celebrado de acuerdo con el RGPD, proporcionamos sus datos personales a una empresa externa de contabilidad y a los servicios de alojamiento web y publicidad relacionados con el sitio web.\r\n\r\n<strong>8. \u00bfCu\u00e1nto tiempo conservamos sus datos personales?<\/strong>\r\nLos documentos contables se conservan durante 10 a\u00f1os. Los acuerdos de compra celebrados a trav\u00e9s de la tienda en l\u00ednea se conservan durante el tiempo que dura el procesamiento del pedido y durante un per\u00edodo necesario para hacer valer los derechos, por ejemplo, quejas. Los documentos relacionados con quejas se conservan durante 5 a\u00f1os. Procesamos sus datos personales con fines de marketing hasta que revoque su consentimiento. En el caso de su participaci\u00f3n en una competencia, conservamos sus datos personales durante el tiempo de la competencia e informaci\u00f3n sobre los ganadores durante un m\u00e1ximo de 2 a\u00f1os.\r\n\r\n<strong>9. \u00bfA qu\u00e9 pa\u00edses transferimos sus datos personales?<\/strong>\r\nNo transferimos sus datos personales a ning\u00fan tercer pa\u00eds. Sus datos personales se transfieren a la Rep\u00fablica Checa, donde se encuentra el servidor.\r\n\r\n<strong>10. \u00bfA qui\u00e9n puede contactar?<\/strong>\r\nSi tiene alguna pregunta o inquietud sobre los datos personales, puede ponerse en contacto con la persona responsable:\r\n\r\nNombre y apellidos: Karin Loveck\u00e1\r\nCorreo electr\u00f3nico: <a href=\"mailto:objednavky@doktorkasandra.sk\">objednavky@doktorkasandra.sk<\/a>\r\nTel\u00e9fono: <a href=\"tel:+421 917 125 992\">0917 125 992<\/a>\r\n\r\n<strong>11. \u00bfNo est\u00e1 satisfecho?<\/strong>\r\nSi no est\u00e1 satisfecho con la forma en que procesamos sus datos personales, puede informarnos enviando un correo electr\u00f3nico a <a href=\"mailto:objednavky@doktorkasandra.sk\">objednavky@doktorkasandra.sk<\/a>. Tambi\u00e9n tiene la opci\u00f3n de presentar una queja ante la Oficina de Protecci\u00f3n de Datos Personales de la Rep\u00fablica Eslovaca.\r\n\r\n<strong>12. \u00bfQu\u00e9 derechos tiene?<\/strong>\r\n<strong>a) Derecho de acceso<\/strong>\r\nPuede solicitarnos informaci\u00f3n sobre si procesamos sus datos personales. Si lo hacemos, puede solicitar una copia de sus datos.\r\n\r\n<strong>b) Derecho de rectificaci\u00f3n<\/strong>\r\nPuede solicitarnos que corrijamos sus datos personales si son incorrectos o est\u00e1n desactualizados.\r\n\r\n<strong>c) Derecho al olvido<\/strong>\r\nEn ciertas circunstancias, tiene derecho a que eliminemos sus datos personales. Puede solicitar la eliminaci\u00f3n de sus datos en cualquier momento. Eliminaremos sus datos personales si:\r\n<ul>\r\n    <li>ya no necesitamos sus datos personales para el prop\u00f3sito para el que los proporcion\u00f3;<\/li>\r\n    <li>retira su consentimiento;<\/li>\r\n    <li>se opone al procesamiento de sus datos personales;<\/li>\r\n    <li>procesamos sus datos personales de manera ilegal;<\/li>\r\n    <li>los datos personales deben eliminarse para cumplir con una obligaci\u00f3n legal;<\/li>\r\n    <li>si es un ni\u00f1o o un padre de un ni\u00f1o que ha dado su consentimiento para el procesamiento de datos personales por Internet.<\/li>\r\n<\/ul>\r\n\r\n<strong>d) Derecho a la restricci\u00f3n del procesamiento<\/strong>\r\nPuede solicitarnos que restrinjamos el procesamiento de sus datos personales. Si su solicitud se concede, conservaremos sus datos personales sin procesarlos m\u00e1s. El procesamiento de sus datos se limitar\u00e1 si:\r\n<ul>\r\n    <li>nos notifica que sus datos personales son incorrectos, hasta que verifiquemos su precisi\u00f3n;<\/li>\r\n    <li>procesamos sus datos personales ilegalmente, pero no acepta su eliminaci\u00f3n y en su lugar solicita que solo restrinjamos el procesamiento de sus datos personales;<\/li>\r\n    <li>ya no necesitamos sus datos, pero los necesita para establecer, ejercer o defender sus derechos legales;<\/li>\r\n    <li>se opone al procesamiento de sus datos personales, hasta que verifiquemos si nuestros intereses leg\u00edtimos prevalecen sobre sus motivos.<\/li>\r\n<\/ul>\r\n\r\n<strong>e) Derecho a la portabilidad de datos<\/strong>\r\nTiene derecho a solicitarnos que le proporcionemos sus datos personales en formato electr\u00f3nico (por ejemplo, archivo XML o CSV) que le permita transferir f\u00e1cilmente los datos a otra empresa. Tambi\u00e9n puede solicitarnos que transfiramos sus datos personales directamente a una empresa elegida. Cumpliremos su solicitud si nos proporcion\u00f3 sus datos personales directamente y dio su consentimiento para su procesamiento.\r\n\r\n<strong>f) Derecho de oposici\u00f3n<\/strong>\r\nTiene derecho a oponerse al procesamiento de sus datos personales. Si procesamos sus datos personales con fines de marketing directo, puede oponerse a dicho procesamiento en cualquier momento. Tras la objeci\u00f3n, eliminaremos sus datos personales. Puede oponerse al procesamiento de sus datos personales en los siguientes casos:\r\n<ul>\r\n    <li>para la ejecuci\u00f3n de una tarea realizada en inter\u00e9s p\u00fablico o en el ejercicio de la autoridad oficial;<\/li>\r\n    <li>por nuestros intereses leg\u00edtimos;<\/li>\r\n    <li>para la creaci\u00f3n de un perfil de cliente;<\/li>\r\n    <li>si tiene razones personales para oponerse al procesamiento de sus datos personales.<\/li>\r\n<\/ul>\r\n\r\n<strong>15. \u00bfC\u00f3mo puede ejercer estos derechos?<\/strong>\r\nPuede presentar su solicitud de una de las siguientes maneras:\r\nenviando una notificaci\u00f3n al correo electr\u00f3nico <a href=\"mailto:objednavky@doktorkasandra.sk\">objednavky@doktorkasandra.sk<\/a>,\r\nenviando una notificaci\u00f3n por correo a la direcci\u00f3n Partiz\u00e1nska 2, 811 01 Bratislava.\r\nAtenderemos todas sus solicitudes e informaremos sobre el resultado de la misma de la misma manera en que presente su solicitud.\r\n\r\n<strong>16. Disposiciones Finales<\/strong>\r\nEstos principios de protecci\u00f3n de datos personales son efectivos a partir del 25 de mayo de 2018. Nos reservamos el derecho de modificar estos principios en caso de cambios en el procesamiento de datos personales en nuestra empresa.\r\n\r\n<a target=\"_blank\" href=\"https:\/\/doktorkasandra.sk\/VOP.pdf\" rel=\"noopener noreferrer\">T\u00e9rminos y condiciones<\/a><br>\r\n<a target=\"_blank\" href=\"https:\/\/doktorkasandra.sk\/Reklamacny\u0301_poriadok.pdf\" rel=\"noopener noreferrer\">Procedimiento de quejas<\/a><br>\r\n<a target=\"_blank\" href=\"https:\/\/doktorkasandra.sk\/Odstupenie_od_zmluvy.pdf\" rel=\"noopener noreferrer\">Derecho de retiro<\/a><br>\r\n<a target=\"_blank\" href=\"https:\/\/doktorkasandra.sk\/zasady-spracovania-osobnych-udajov.pdf\" rel=\"noopener noreferrer\">Principios de protecci\u00f3n de datos personales<\/a><br>\r\n\r\n<\/div>\r\n","protected":false},"excerpt":{"rendered":"Estimado cliente, Para procesar su pedido, necesitamos su informaci\u00f3n personal. La seguridad y el procesamiento legal de sus datos son primordiales para nosotros. Aqu\u00ed aprender\u00e1 c\u00f3mo procesamos sus datos personales y c\u00f3mo garantizamos su seguridad. 1. \u00bfQui\u00e9nes somos? Sus datos personales son procesados por nuestra empresa: Dr. Sandra Ltda. Partiz\u00e1nska 2 811 01 Bratislava Representado","protected":false},"author":1,"featured_media":0,"parent":0,"menu_order":0,"comment_status":"closed","ping_status":"open","template":"","meta":{"_acf_changed":false,"inline_featured_image":false,"footnotes":""},"class_list":["post-29173","page","type-page","status-publish","hentry"],"acf":[],"_links":{"self":[{"href":"https:\/\/doktorkasandra.sk\/es\/wp-json\/wp\/v2\/pages\/29173","targetHints":{"allow":["GET"]}}],"collection":[{"href":"https:\/\/doktorkasandra.sk\/es\/wp-json\/wp\/v2\/pages"}],"about":[{"href":"https:\/\/doktorkasandra.sk\/es\/wp-json\/wp\/v2\/types\/page"}],"author":[{"embeddable":true,"href":"https:\/\/doktorkasandra.sk\/es\/wp-json\/wp\/v2\/users\/1"}],"replies":[{"embeddable":true,"href":"https:\/\/doktorkasandra.sk\/es\/wp-json\/wp\/v2\/comments?post=29173"}],"version-history":[{"count":2,"href":"https:\/\/doktorkasandra.sk\/es\/wp-json\/wp\/v2\/pages\/29173\/revisions"}],"predecessor-version":[{"id":29177,"href":"https:\/\/doktorkasandra.sk\/es\/wp-json\/wp\/v2\/pages\/29173\/revisions\/29177"}],"wp:attachment":[{"href":"https:\/\/doktorkasandra.sk\/es\/wp-json\/wp\/v2\/media?parent=29173"}],"curies":[{"name":"wp","href":"https:\/\/api.w.org\/{rel}","templated":true}]}}