{"id":42573,"date":"2025-06-20T10:27:12","date_gmt":"2025-06-20T08:27:12","guid":{"rendered":"https:\/\/doktorkasandra.sk\/?post_type=product&#038;p=42573"},"modified":"2025-07-02T09:26:53","modified_gmt":"2025-07-02T07:26:53","slug":"dovolenkova-taska","status":"publish","type":"product","link":"https:\/\/doktorkasandra.sk\/en\/obchod\/cosmetic-package\/dovolenkova-taska\/","title":{"rendered":"Dovolenkov\u00e1 ta\u0161ka"},"content":{"rendered":"Dovolenkov\u00e1 ta\u0161ka od doktorky Sandry je ide\u00e1lna na kozmetiku \u2013 praktick\u00e1, \u0161t\u00fdlov\u00e1 a v\u017edy po ruke.\r\n","protected":false},"excerpt":{"rendered":"Dovolenkov\u00e1 ta\u0161ka od doktorky Sandry je ide\u00e1lna na kozmetiku \u2013 praktick\u00e1, \u0161t\u00fdlov\u00e1 a v\u017edy po ruke.\r\n","protected":false},"featured_media":42574,"comment_status":"open","ping_status":"closed","template":"","meta":{"_acf_changed":false,"inline_featured_image":false},"product_brand":[],"product_cat":[19],"product_tag":[],"class_list":{"0":"post-42573","1":"product","2":"type-product","3":"status-publish","4":"has-post-thumbnail","6":"product_cat-darcekove-balicky","8":"first","9":"outofstock","10":"taxable","11":"shipping-taxable","12":"purchasable","13":"product-type-simple"},"acf":[],"_links":{"self":[{"href":"https:\/\/doktorkasandra.sk\/en\/wp-json\/wp\/v2\/product\/42573","targetHints":{"allow":["GET"]}}],"collection":[{"href":"https:\/\/doktorkasandra.sk\/en\/wp-json\/wp\/v2\/product"}],"about":[{"href":"https:\/\/doktorkasandra.sk\/en\/wp-json\/wp\/v2\/types\/product"}],"replies":[{"embeddable":true,"href":"https:\/\/doktorkasandra.sk\/en\/wp-json\/wp\/v2\/comments?post=42573"}],"wp:featuredmedia":[{"embeddable":true,"href":"https:\/\/doktorkasandra.sk\/en\/wp-json\/wp\/v2\/media\/42574"}],"wp:attachment":[{"href":"https:\/\/doktorkasandra.sk\/en\/wp-json\/wp\/v2\/media?parent=42573"}],"wp:term":[{"taxonomy":"product_brand","embeddable":true,"href":"https:\/\/doktorkasandra.sk\/en\/wp-json\/wp\/v2\/product_brand?post=42573"},{"taxonomy":"product_cat","embeddable":true,"href":"https:\/\/doktorkasandra.sk\/en\/wp-json\/wp\/v2\/product_cat?post=42573"},{"taxonomy":"product_tag","embeddable":true,"href":"https:\/\/doktorkasandra.sk\/en\/wp-json\/wp\/v2\/product_tag?post=42573"}],"curies":[{"name":"wp","href":"https:\/\/api.w.org\/{rel}","templated":true}]}}