{"id":41390,"date":"2025-04-23T08:20:36","date_gmt":"2025-04-23T06:20:36","guid":{"rendered":"https:\/\/doktorkasandra.sk\/?post_type=product&#038;p=41390"},"modified":"2026-04-25T16:07:05","modified_gmt":"2026-04-25T14:07:05","slug":"revitanad-pletove-serum","status":"publish","type":"product","link":"https:\/\/doktorkasandra.sk\/en\/obchod\/creams\/revitanad-pletove-serum\/","title":{"rendered":"<em>Novinka<\/em> Revita NAD ple\u0165ov\u00e9 s\u00e9rum s astaxant\u00ednom <i>30 ml<\/i>"},"content":{"rendered":"<strong>Hlavn\u00e9 \u00fa\u010dinky:<\/strong>\r\n<ul>\r\n<li>Redukcia jemn\u00fdch vr\u00e1sok a zlep\u0161enie elasticity pleti<\/li>\r\n<li>Ochrana pred oxida\u010dn\u00fdm stresom a spomalenie procesu starnutia<\/li>\r\n<li>Intenz\u00edvna hydrat\u00e1cia a obnova hydrolipidickej bari\u00e9ry<\/li>\r\n<li>Zjednotenie t\u00f3nu pleti a zn\u00ed\u017eenie vidite\u013enosti pigmentov\u00fdch \u0161kv\u0155n<\/li>\r\n<\/ul>\r\n<strong>K\u013e\u00fa\u010dov\u00e9 zlo\u017eky:<\/strong>     \r\n<ul>\r\n<li><b>Extrakt z kl\u00ed\u010dkov slne\u010dnice:<\/b> Podporuje prirodzen\u00fa produkciu NAD+, \u010d\u00edm zvy\u0161uje energetick\u00fd metabolizmus buniek.<\/li>\r\n<li><b>Astaxant\u00edn:<\/b> Siln\u00fd antioxidant, ktor\u00fd chr\u00e1ni bunky pred po\u0161koden\u00edm vo\u013en\u00fdmi radik\u00e1lmi.<\/li>\r\n<li><b>Jojobov\u00fd olej:<\/b> Hydratuje a vy\u017eivuje poko\u017eku bez pocitu mastnoty.<\/li>\r\n<li><b>Kyselina hyalur\u00f3nov\u00e1:<\/b> Zabezpe\u010duje h\u013abkov\u00fa hydrat\u00e1ciu a zlep\u0161uje pru\u017enos\u0165 pleti.<\/li>\r\n<\/ul>","protected":false},"excerpt":{"rendered":"Ple\u0165ov\u00e9 s\u00e9rum RevitaNAD od Dr. Sandry kombinuje najnov\u0161ie vedeck\u00e9 poznatky s pr\u00edrodn\u00fdmi zlo\u017ekami pre intenz\u00edvnu regener\u00e1ciu pleti.<br><br> <b>Obsahuje extrakt z kl\u00ed\u010dkov slne\u010dnice, ktor\u00fd podporuje tvorbu koenz\u00fdmu NAD+ \u2013 k\u013e\u00fa\u010dovej molekuly pre obnovu buniek, a astaxant\u00edn zo sladkovodnej riasy Haematococcus pluvialis, jeden z najsilnej\u0161\u00edch zn\u00e1mych antioxidantov.<\/b>\r\n\r\n","protected":false},"featured_media":41394,"comment_status":"open","ping_status":"closed","template":"","meta":{"_acf_changed":false,"inline_featured_image":false},"product_brand":[],"product_cat":[16],"product_tag":[],"class_list":{"0":"post-41390","1":"product","2":"type-product","3":"status-publish","4":"has-post-thumbnail","6":"product_cat-kremy","8":"first","9":"instock","10":"taxable","11":"shipping-taxable","12":"purchasable","13":"product-type-simple"},"acf":[],"_links":{"self":[{"href":"https:\/\/doktorkasandra.sk\/en\/wp-json\/wp\/v2\/product\/41390","targetHints":{"allow":["GET"]}}],"collection":[{"href":"https:\/\/doktorkasandra.sk\/en\/wp-json\/wp\/v2\/product"}],"about":[{"href":"https:\/\/doktorkasandra.sk\/en\/wp-json\/wp\/v2\/types\/product"}],"replies":[{"embeddable":true,"href":"https:\/\/doktorkasandra.sk\/en\/wp-json\/wp\/v2\/comments?post=41390"}],"wp:featuredmedia":[{"embeddable":true,"href":"https:\/\/doktorkasandra.sk\/en\/wp-json\/wp\/v2\/media\/41394"}],"wp:attachment":[{"href":"https:\/\/doktorkasandra.sk\/en\/wp-json\/wp\/v2\/media?parent=41390"}],"wp:term":[{"taxonomy":"product_brand","embeddable":true,"href":"https:\/\/doktorkasandra.sk\/en\/wp-json\/wp\/v2\/product_brand?post=41390"},{"taxonomy":"product_cat","embeddable":true,"href":"https:\/\/doktorkasandra.sk\/en\/wp-json\/wp\/v2\/product_cat?post=41390"},{"taxonomy":"product_tag","embeddable":true,"href":"https:\/\/doktorkasandra.sk\/en\/wp-json\/wp\/v2\/product_tag?post=41390"}],"curies":[{"name":"wp","href":"https:\/\/api.w.org\/{rel}","templated":true}]}}