{"id":41079,"date":"2025-04-07T10:09:04","date_gmt":"2025-04-07T08:09:04","guid":{"rendered":"https:\/\/doktorkasandra.sk\/?post_type=product&#038;p=41079"},"modified":"2026-04-20T17:58:22","modified_gmt":"2026-04-20T15:58:22","slug":"kozmeticka-tasticka","status":"publish","type":"product","link":"https:\/\/doktorkasandra.sk\/en\/obchod\/cosmetic-package\/kozmeticka-tasticka\/","title":{"rendered":"Kozmetick\u00e1 ta\u0161ti\u010dka"},"content":{"rendered":"Ta\u0161ti\u010dka od doktorky Sandry je ide\u00e1lna na kozmetiku \u2013 praktick\u00e1, \u0161t\u00fdlov\u00e1 a v\u017edy po ruke.\r\n\r\n","protected":false},"excerpt":{"rendered":"Ta\u0161ti\u010dka od doktorky Sandry je ide\u00e1lna na kozmetiku \u2013 praktick\u00e1, \u0161t\u00fdlov\u00e1 a v\u017edy po ruke.\r\n\r\nRozmery ta\u0161ti\u010dky s\u00fa 20 \u00d7 15 \u00d7 13 cm, tak\u017ee sa do nej zmest\u00ed v\u0161etko potrebn\u00e9.","protected":false},"featured_media":41080,"comment_status":"open","ping_status":"closed","template":"","meta":{"_acf_changed":false,"inline_featured_image":false},"product_brand":[],"product_cat":[19],"product_tag":[],"class_list":{"0":"post-41079","1":"product","2":"type-product","3":"status-publish","4":"has-post-thumbnail","6":"product_cat-darcekove-balicky","8":"first","9":"instock","10":"taxable","11":"shipping-taxable","12":"purchasable","13":"product-type-simple"},"acf":[],"_links":{"self":[{"href":"https:\/\/doktorkasandra.sk\/en\/wp-json\/wp\/v2\/product\/41079","targetHints":{"allow":["GET"]}}],"collection":[{"href":"https:\/\/doktorkasandra.sk\/en\/wp-json\/wp\/v2\/product"}],"about":[{"href":"https:\/\/doktorkasandra.sk\/en\/wp-json\/wp\/v2\/types\/product"}],"replies":[{"embeddable":true,"href":"https:\/\/doktorkasandra.sk\/en\/wp-json\/wp\/v2\/comments?post=41079"}],"wp:featuredmedia":[{"embeddable":true,"href":"https:\/\/doktorkasandra.sk\/en\/wp-json\/wp\/v2\/media\/41080"}],"wp:attachment":[{"href":"https:\/\/doktorkasandra.sk\/en\/wp-json\/wp\/v2\/media?parent=41079"}],"wp:term":[{"taxonomy":"product_brand","embeddable":true,"href":"https:\/\/doktorkasandra.sk\/en\/wp-json\/wp\/v2\/product_brand?post=41079"},{"taxonomy":"product_cat","embeddable":true,"href":"https:\/\/doktorkasandra.sk\/en\/wp-json\/wp\/v2\/product_cat?post=41079"},{"taxonomy":"product_tag","embeddable":true,"href":"https:\/\/doktorkasandra.sk\/en\/wp-json\/wp\/v2\/product_tag?post=41079"}],"curies":[{"name":"wp","href":"https:\/\/api.w.org\/{rel}","templated":true}]}}