{"id":37520,"date":"2024-11-15T11:47:11","date_gmt":"2024-11-15T10:47:11","guid":{"rendered":"https:\/\/doktorkasandra.sk\/?post_type=product&#038;p=37520"},"modified":"2026-01-02T12:54:52","modified_gmt":"2026-01-02T11:54:52","slug":"vianocna-taska-2025","status":"publish","type":"product","link":"https:\/\/doktorkasandra.sk\/en\/obchod\/cosmetic-package\/vianocna-taska-2025\/","title":{"rendered":"Viano\u010dn\u00e1 ta\u0161ka"},"content":{"rendered":"","protected":false},"excerpt":{"rendered":"","protected":false},"featured_media":37958,"comment_status":"open","ping_status":"closed","template":"","meta":{"_acf_changed":false,"inline_featured_image":false},"product_brand":[],"product_cat":[19],"product_tag":[],"class_list":{"0":"post-37520","1":"product","2":"type-product","3":"status-publish","4":"has-post-thumbnail","6":"product_cat-darcekove-balicky","8":"first","9":"instock","10":"taxable","11":"shipping-taxable","12":"purchasable","13":"product-type-simple"},"acf":[],"_links":{"self":[{"href":"https:\/\/doktorkasandra.sk\/en\/wp-json\/wp\/v2\/product\/37520","targetHints":{"allow":["GET"]}}],"collection":[{"href":"https:\/\/doktorkasandra.sk\/en\/wp-json\/wp\/v2\/product"}],"about":[{"href":"https:\/\/doktorkasandra.sk\/en\/wp-json\/wp\/v2\/types\/product"}],"replies":[{"embeddable":true,"href":"https:\/\/doktorkasandra.sk\/en\/wp-json\/wp\/v2\/comments?post=37520"}],"wp:featuredmedia":[{"embeddable":true,"href":"https:\/\/doktorkasandra.sk\/en\/wp-json\/wp\/v2\/media\/37958"}],"wp:attachment":[{"href":"https:\/\/doktorkasandra.sk\/en\/wp-json\/wp\/v2\/media?parent=37520"}],"wp:term":[{"taxonomy":"product_brand","embeddable":true,"href":"https:\/\/doktorkasandra.sk\/en\/wp-json\/wp\/v2\/product_brand?post=37520"},{"taxonomy":"product_cat","embeddable":true,"href":"https:\/\/doktorkasandra.sk\/en\/wp-json\/wp\/v2\/product_cat?post=37520"},{"taxonomy":"product_tag","embeddable":true,"href":"https:\/\/doktorkasandra.sk\/en\/wp-json\/wp\/v2\/product_tag?post=37520"}],"curies":[{"name":"wp","href":"https:\/\/api.w.org\/{rel}","templated":true}]}}