{"id":23375,"date":"2019-03-13T21:27:59","date_gmt":"2019-03-13T20:27:59","guid":{"rendered":"https:\/\/doktorkasandra.sk\/business-conditions\/"},"modified":"2019-03-13T21:27:59","modified_gmt":"2019-03-13T20:27:59","slug":"business-conditions","status":"publish","type":"page","link":"https:\/\/doktorkasandra.sk\/en\/business-conditions\/","title":{"rendered":"Business conditions"},"content":{"rendered":"<div style=\"text-align:left; max-width:700px; margin:20px auto;\">\r\n\u010eakujeme, \u017ee ste klientom zna\u010dky Dr. Sandra. Zozn\u00e1mte sa s inform\u00e1ciami, na ktor\u00e9 m\u00e1te ako spotrebite\u013e pod\u013ea z\u00e1kona \u010d. 102\/2004 Z.z. pr\u00e1vo. Kolekt\u00edv vy\u0161kolen\u00fdch pracovn\u00edkov V\u00e1m v pr\u00edpade ot\u00e1zok alebo nejasnost\u00ed vypl\u00fdvaj\u00facich zo V\u0161eobecn\u00fdch obchodn\u00fdch podmienok odpovie prostredn\u00edctvom e-mailu.\r\n<br>\r\n<br>\r\n<strong>Zmluvn\u00e9 strany<\/strong>\r\n<br>\r\n<br>\r\nPred\u00e1vaj\u00faci: Esthetic, s.r.o., I\u010cO: 35971835, I\u010c DPH: SK222112752, Spolo\u010dnos\u0165 je zap\u00edsan\u00e1 v obchodnom registri vedenom Okresn\u00fdm s\u00fadom Bratislava I, v Odd. Sro, vo vlo\u017eke \u010d. 38866\/B.\r\n<br>\r\n<br>\r\nS\u00eddlo pred\u00e1vaj\u00faceho, adresa prev\u00e1dzky pred\u00e1vaj\u00faceho: Bratislava, Partiz\u00e1nska 2, priestor Kliniky korekt\u00edvnej dermatol\u00f3gie a plastickej chirurgie.\r\n<br>\r\n<br>\r\nAdresa elektronickej po\u0161ty pred\u00e1vaj\u00faceho: <strong><a mailto:dr.sandra@esthetic.sk>dr.sandra@esthetic.sk<\/a><\/strong>\r\n<br>\r\n<br>\r\nTelef\u00f3nne \u010d\u00edslo pred\u00e1vaj\u00faceho: <strong><a href=\"tel:+421905244577\">0905244577<\/a><\/strong>\r\n\r\n<br>\r\n<br>\r\n<strong>K\u00fapna zmluva<\/strong>\r\n<br>\r\n<br>\r\nPr\u00e1vne vz\u0165ahy medzi pred\u00e1vaj\u00facim a kupuj\u00facim, ktor\u00fd je spotrebite\u013eom sa spravuj\u00fa ustanoveniami Ob\u010dianskeho z\u00e1konn\u00edka v spojen\u00ed s ustanoveniami Z\u00e1kona \u010d. 102\/2014 Z.z. Pr\u00e1vne vz\u0165ahy medzi pred\u00e1vaj\u00facim a kupuj\u00facim, ktor\u00fd nie je spotrebite\u013eom sa spravuj\u00fa ustanoveniami Obchodn\u00e9ho z\u00e1konn\u00edka.\r\n<br>\r\n<br>\r\nPr\u00e1vny vz\u0165ah medzi kupuj\u00facim, ktor\u00fd je spotrebite\u013eom, vznikne potvrden\u00edm z\u00e1v\u00e4znej objedn\u00e1vky kupuj\u00faceho. Pred\u00e1vaj\u00faci sa zav\u00e4zuje doda\u0165 objednan\u00fd tovar a kupuj\u00faci sa zav\u00e4zuje za objednan\u00fd tovar zaplati\u0165 k\u00fapnu cenu. Kupuj\u00facemu odoslan\u00edm objedn\u00e1vky prostredn\u00edctvom tejto webovej str\u00e1nky vznik\u00e1 povinnos\u0165 zaplati\u0165 k\u00fapnu cenu objedn\u00e1van\u00e9ho tovaru.\r\n<br>\r\n<br>\r\nK\u00fapna zmluva vznik\u00e1 potvrden\u00edm z\u00e1v\u00e4znej objedn\u00e1vky a zanik\u00e1 prijat\u00edm objednan\u00e9ho tovaru. Pr\u00e1va vypl\u00fdvaj\u00face z v\u00e1d tovaru a pr\u00e1v uveden\u00fdch v z\u00e1kone \u010d. 102\/2014 Z.z. nie s\u00fa dotknut\u00e9.\r\n<br>\r\n<br>\r\nPred\u00e1vaj\u00faci spolu s dodan\u00edm tovaru doru\u010d\u00ed kupuj\u00facemu aj p\u00edsomn\u00e9 potvrdenie o uzatvoren\u00ed k\u00fapnej zmluvy, ktor\u00e9 obsahuje ozna\u010denie objednan\u00e9ho tovaru, cenu tovaru, mno\u017estvo tovaru. Kupuj\u00faci m\u00f4\u017ee prostredn\u00edctvom webovej str\u00e1nky pred\u00e1vaj\u00faceho uplatni\u0165 pr\u00e1vo spotrebite\u013ea na odst\u00fapenia od k\u00fapnej zmluvy, a to prostredn\u00edctvom formul\u00e1ru tvoriaceho pr\u00edlohu \u010d. 3 z\u00e1kona \u010d. 102\/2014 Z.z., ktor\u00fd mu bude na po\u017eiadanie poslan\u00fd prostredn\u00edctvom emailu.\r\n<br>\r\n<br>\r\n<strong>Cena<\/strong>\r\n<br>\r\n<br>\r\nCena jednotliv\u00fdch kozmetick\u00fdch v\u00fdrobkov je uveden\u00e1 pri ka\u017edom konkr\u00e9tnom v\u00fdrobku vr\u00e1tane dane z pridanej hodnoty. K\u00fapna cena objednan\u00e9ho tovaru sa vypo\u010d\u00edta ako s\u00fa\u010det ceny jednotliv\u00fdch kozmetick\u00fdch v\u00fdrobkov, ceny dopravy, ceny po\u0161tovn\u00e9ho baln\u00e9ho. Cena dopravy, cena po\u0161tovn\u00e9ho a cena baln\u00e9ho je uveden\u00e1 v tabu\u013eke a kupuj\u00faci si svoj v\u00fdpo\u010det k\u00fapnej ceny m\u00f4\u017ee overi\u0165 pred odoslan\u00edm z\u00e1v\u00e4znej objedn\u00e1vky odoslan\u00edm emailu na adresu pred\u00e1vaj\u00faceho. Pred\u00e1vaj\u00faci upozor\u0148uje na mo\u017enos\u0165 vzniku povinnosti kupuj\u00faceho zaplati\u0165 clo v pr\u00edpade ak je tovar dod\u00e1van\u00fd na \u00fazemie mimo Slovenskej republiky.\r\n<br>\r\n<br>\r\n<strong>Platobn\u00e9 podmienky<\/strong>\r\n<br>\r\n<br>\r\nOdoslan\u00edm z\u00e1v\u00e4znej objedn\u00e1vky vznikne kupuj\u00facemu povinnos\u0165 zaplati\u0165 k\u00fapnu cenu. K\u00fapna cena je splatn\u00e1 pri prevzat\u00ed objednan\u00e9ho tovaru v hotovosti alebo platobnou kartou.\r\n<br>\r\n<br>\r\n<strong>Dodanie tovaru<\/strong>\r\n<br>\r\n<br>\r\nPred\u00e1vaj\u00faci je povinn\u00fd doda\u0165 tovar do 30 kalend\u00e1rnych dn\u00ed od potvrdenia z\u00e1v\u00e4znej objedn\u00e1vky. V pr\u00edpade ak kupuj\u00faci do 30 dn\u00ed od v\u00fdzvy na prevzatie tovaru nezaplat\u00ed k\u00fapnu cenu, m\u00e1 pred\u00e1vaj\u00faci pr\u00e1vo od zmluvy odst\u00fapi\u0165. Konanie kupuj\u00faceho sa v takom pr\u00edpade poklad\u00e1 za podstatn\u00e9 poru\u0161enie k\u00fapnej zmluvy a pred\u00e1vaj\u00faci m\u00e1 pr\u00e1vo n\u00e1hradu n\u00e1kladov zodpovedaj\u00facu s\u00fa\u010dtu ceny dopravy, ceny po\u0161tovn\u00e9ho a ceny baln\u00e9ho, ak vznikne poru\u0161en\u00edm povinnosti kupuj\u00faceho pred\u00e1vaj\u00facemu \u0161koda, m\u00e1 pr\u00e1vo na jej n\u00e1hradu v celom rozsahu.\r\n<br>\r\n<br>\r\nPred\u00e1vaj\u00faci sa zav\u00e4zuje doda\u0165 objedn\u00e1van\u00fd tovar pod\u013ea jeho skladov\u00fdch mo\u017enost\u00ed a informova\u0165 kupuj\u00faceho prostredn\u00edctvom emailu o skuto\u010dnej predpokladanej lehote dodania tovaru.\r\n<br>\r\n<br>\r\n<strong>Odst\u00fapenie od zmluvy<\/strong>\r\n<br>\r\n<br>\r\nZmluvn\u00e9 strany maj\u00fa pr\u00e1vo od k\u00fapnej zmluvy odst\u00fapi\u0165 na z\u00e1klade skuto\u010dnost\u00ed, ktor\u00e9 toto pr\u00e1vo zakladaj\u00fa pod\u013ea t\u00fdchto v\u0161eobecn\u00fdch obchodn\u00fdch podmienok a pod\u013ea Ob\u010dianskeho z\u00e1konn\u00edka. Kupuj\u00faci m\u00f4\u017ee od k\u00fapnej zmluvy odst\u00fapi\u0165 do 14 kalend\u00e1rnych dn\u00ed odo d\u0148a dodania tovaru a to aj bez uvedenia tovaru. Vzh\u013eadom na skuto\u010dnos\u0165, \u017ee tovar je kozmetick\u00fdm v\u00fdrobkom, m\u00e1 kupuj\u00faci pr\u00e1vo od k\u00fapnej zmluvy odst\u00fapi\u0165 bez udania d\u00f4vodu, iba ak nedo\u0161lo k poru\u0161eniu obalu kozmetick\u00e9ho v\u00fdrobku.\r\n<br>\r\n<br>\r\nV pr\u00edpade odst\u00fapenia od k\u00fapnej zmluvy m\u00f4\u017ee kupuj\u00faci vyu\u017ei\u0165 formul\u00e1r tvoriaci pr\u00edlohu \u010d. 3 z\u00e1kona \u010d. 102\/2014 Z.z., ktor\u00fd mu pred\u00e1vaj\u00faci doru\u010duje spolu s objednan\u00fdm tovarom. Pred\u00e1vaj\u00faci spolu s objednan\u00fdm tovarom doru\u010duje aj pou\u010denie kupuj\u00faceho o uplatnen\u00ed pr\u00e1va spotrebite\u013ea na odst\u00fapenia od k\u00fapnej zmluvy, ktor\u00e9 tvor\u00ed pr\u00edlohu \u010d. 2 z\u00e1kona \u010d. 102\/2014 Z.z.\r\n<br>\r\n<br>\r\n<strong>Upozornenie : kupuj\u00faci m\u00e1 pr\u00e1vo od zmluvy odst\u00fapi\u0165 do 14 kalend\u00e1rnych dn\u00ed iba v pr\u00edpade, \u017ee nie je poru\u0161en\u00fd ochrann\u00fd obal kozmetick\u00e9ho v\u00fdrobku (ustanovenie \u00a7 7 ods. 6 p\u00edsm. e\/ z\u00e1kona \u010d. 102\/2014 Z.z.)\r\n<br>\r\n<br>\r\nUpozornenie : spolu s odst\u00fapen\u00edm od zmluvy kupuj\u00faci na jeho vlastn\u00e9 n\u00e1klady za\u0161le alebo osobne odovzd\u00e1 pred\u00e1vaj\u00facemu aj objednan\u00fd tovar v nepo\u0161kodenom ochrannom obale, v\u0161etko v lehote do 14 kalend\u00e1rnych dn\u00ed odo d\u0148a odst\u00fapenia od k\u00fapnej zmluvy.<\/strong>\r\n<br>\r\n<br>\r\n<a target=\"_blank\" href=\"https:\/\/doktorkasandra.sk\/VOP.pdf\" rel=\"noopener noreferrer\">Obchodn\u00e9 podmienky<\/a><br>\r\n\t\t\t\t<a target=\"_blank\" href=\"https:\/\/doktorkasandra.sk\/Reklamacny\u0301_poriadok.pdf\" rel=\"noopener noreferrer\">Reklama\u010dn\u00fd poriadok<\/a><br>\r\n\t\t\t\t<a target=\"_blank\" href=\"https:\/\/doktorkasandra.sk\/Odstupenie_od_zmluvy.pdf\" rel=\"noopener noreferrer\">Odst\u00fapenie od zmluvy<\/a><br>\r\n\t\t\t\t<a target=\"_blank\" href=\"https:\/\/doktorkasandra.sk\/zasady-spracovania-osobnych-udajov.pdf\" rel=\"noopener noreferrer\">Z\u00e1sady ochrany osobn\u00fdch \u00fadajov<\/a><br>\r\n\r\n<\/div>\r\n","protected":false},"excerpt":{"rendered":"\u010eakujeme, \u017ee ste klientom zna\u010dky Dr. Sandra. Zozn\u00e1mte sa s inform\u00e1ciami, na ktor\u00e9 m\u00e1te ako spotrebite\u013e pod\u013ea z\u00e1kona \u010d. 102\/2004 Z.z. pr\u00e1vo. Kolekt\u00edv vy\u0161kolen\u00fdch pracovn\u00edkov V\u00e1m v pr\u00edpade ot\u00e1zok alebo nejasnost\u00ed vypl\u00fdvaj\u00facich zo V\u0161eobecn\u00fdch obchodn\u00fdch podmienok odpovie prostredn\u00edctvom e-mailu. Zmluvn\u00e9 strany Pred\u00e1vaj\u00faci: Esthetic, s.r.o., I\u010cO: 35971835, I\u010c DPH: SK222112752, Spolo\u010dnos\u0165 je zap\u00edsan\u00e1 v obchodnom registri","protected":false},"author":1,"featured_media":0,"parent":0,"menu_order":0,"comment_status":"closed","ping_status":"closed","template":"","meta":{"_acf_changed":false,"inline_featured_image":false,"footnotes":""},"class_list":["post-23375","page","type-page","status-publish","hentry"],"acf":[],"_links":{"self":[{"href":"https:\/\/doktorkasandra.sk\/en\/wp-json\/wp\/v2\/pages\/23375","targetHints":{"allow":["GET"]}}],"collection":[{"href":"https:\/\/doktorkasandra.sk\/en\/wp-json\/wp\/v2\/pages"}],"about":[{"href":"https:\/\/doktorkasandra.sk\/en\/wp-json\/wp\/v2\/types\/page"}],"author":[{"embeddable":true,"href":"https:\/\/doktorkasandra.sk\/en\/wp-json\/wp\/v2\/users\/1"}],"replies":[{"embeddable":true,"href":"https:\/\/doktorkasandra.sk\/en\/wp-json\/wp\/v2\/comments?post=23375"}],"version-history":[{"count":0,"href":"https:\/\/doktorkasandra.sk\/en\/wp-json\/wp\/v2\/pages\/23375\/revisions"}],"wp:attachment":[{"href":"https:\/\/doktorkasandra.sk\/en\/wp-json\/wp\/v2\/media?parent=23375"}],"curies":[{"name":"wp","href":"https:\/\/api.w.org\/{rel}","templated":true}]}}